{"id":100023517,"date":"2025-12-11T12:28:47","date_gmt":"2025-12-11T09:28:47","guid":{"rendered":"https:\/\/psikeistanbul.org\/?page_id=100023517"},"modified":"2025-12-11T12:32:03","modified_gmt":"2025-12-11T09:32:03","slug":"meeting-with-the-analyst","status":"publish","type":"page","link":"https:\/\/psikeistanbul.org\/en\/meeting-with-the-analyst\/","title":{"rendered":"Meeting with the Analyst"},"content":{"rendered":"<!=========Events list Template 2.6.2=========><div id=\"ect-events-list-content\"><div id=\"list-wrp\" class=\"ect-list-wrapper meeting-with-the-analyst\"><div id=\"event-100023121\" class=\"ect-list-post style-1 ect-simple-event all\"><div class=\"ect-list-post-left \">\n\t\t\t\t<div class=\"ect-list-img\" style=\"background-image:url(&#039;https:\/\/psikeistanbul.org\/wp-content\/uploads\/2025\/05\/Screenshot-2025-05-10-at-13.15.31-e1746880242402.png&#039;);background-size:cover;\"><a href=\"https:\/\/psikeistanbul.org\/en\/event\/meeting-with-the-analyst-mark-solms\/\" alt=\"Meeting with the Analyst &#8211; Mark Solms\" rel=\"bookmark\"><div class=\"ect-list-date\"><div class=\"ect-date-area default-schedule\"><span class=\"ev-day\">14<\/span>\n\t\t\t\t\t<span class=\"ev-mo\">June<\/span>\n\t\t\t\t\t<span class=\"ev-yr\">2025<\/span><\/div><\/div><\/a><div class=\"ect-share-wrapper\"><i class=\"ect-icon-share\"><\/i><div class=\"ect-social-share-list\"><a class=\"ect-share-link\" href=\"https:\/\/www.facebook.com\/sharer\/sharer.php?u=https:\/\/psikeistanbul.org\/en\/event\/meeting-with-the-analyst-mark-solms\/\" target=\"_blank\" title=\"Facebook\"><i class=\"ect-icon-facebook\"><\/i><\/a><a class=\"ect-share-link\" href=\"https:\/\/twitter.com\/intent\/tweet?text=meeting-with-the-analyst-mark-solms&#038;url=https:\/\/psikeistanbul.org\/en\/event\/meeting-with-the-analyst-mark-solms\/\" target=\"_blank\" title=\"Twitter\"><i class=\"ect-icon-twitter\"><\/i><\/a><a class=\"ect-share-link\" href=\"http:\/\/www.linkedin.com\/shareArticle?mini=true&#038;url=https:\/\/psikeistanbul.org\/en\/event\/meeting-with-the-analyst-mark-solms\/\" target=\"_blank\" title=\"Linkedin\"><i class=\"ect-icon-linkedin\"><\/i><\/a><a class=\"ect-email\" href=\"mailto:?Subject=meeting-with-the-analyst-mark-solms&#038;Body=https:\/\/psikeistanbul.org\/en\/event\/meeting-with-the-analyst-mark-solms\/\"><i class=\"ect-icon-mail\"><\/i><\/a><a class=\"ect-share-link\" href=\"https:\/\/web.whatsapp.com\/send\/?text=meeting-with-the-analyst-mark-solms%20https:\/\/psikeistanbul.org\/en\/event\/meeting-with-the-analyst-mark-solms\/\" target=\"_blank\" title=\"WhatsApp\"><i class=\"ect-icon-whatsapp\"><\/i><\/a><\/div><\/div><\/div><\/div><!-- left-post close --><div class=\"ect-list-post-right\">\n\t\t\t\t<div class=\"ect-list-post-right-table\"><div class=\"ect-list-description\" style=\"width:100%;\"><h2 class=\"ect-list-title\"><a class=\"ect-event-url\" href=\"https:\/\/psikeistanbul.org\/en\/event\/meeting-with-the-analyst-mark-solms\/\" rel=\"bookmark\">Meeting with the Analyst &#8211; Mark Solms<\/a><\/h2><!-- Event Content --><div class=\"ect-event-content\"><p>We invite you to join us for Mark Solms' paradigm-shifting presentation at the intersection of neuroscience and psychoanalysis at our online event on 14 June 2025 at 13:00. Click for<\/p>\n<\/div><a href=\"https:\/\/psikeistanbul.org\/en\/event\/meeting-with-the-analyst-mark-solms\/\" class=\"ect-events-read-more\" rel=\"bookmark\">Devam\u0131<\/a><\/div><\/div><\/div><!-- right-wrapper close --><\/div><!-- event-loop-end --><\/div><\/div>\n<hr \/>\n<h3 style=\"text-align: center;\"><a href=\"https:\/\/psikeistanbul.org\/en\/etkinlikler\/kategori\/conference\/meeting-with-the-analyst\/\">Event List<\/a><\/h3>\n","protected":false},"excerpt":{"rendered":"<p>Event List<\/p>\n","protected":false},"author":1,"featured_media":0,"parent":0,"menu_order":0,"comment_status":"closed","ping_status":"closed","template":"","meta":{"footnotes":""},"class_list":["post-100023517","page","type-page","status-publish","hentry","cat_meeting-with-the-analyst","cat_online-conference"],"yoast_head":"<!-- This site is optimized with the Yoast SEO plugin v27.3 - https:\/\/yoast.com\/product\/yoast-seo-wordpress\/ -->\n<title>Meeting with the Analyst - Psike \u0130stanbul<\/title>\n<meta name=\"robots\" content=\"index, follow, max-snippet:-1, max-image-preview:large, max-video-preview:-1\" \/>\n<link rel=\"canonical\" href=\"https:\/\/psikeistanbul.org\/en\/meeting-with-the-analyst\/\" \/>\n<meta property=\"og:locale\" content=\"en_US\" \/>\n<meta property=\"og:type\" content=\"article\" \/>\n<meta property=\"og:title\" content=\"Meeting with the Analyst - Psike \u0130stanbul\" \/>\n<meta property=\"og:description\" content=\"Event List\" \/>\n<meta property=\"og:url\" content=\"https:\/\/psikeistanbul.org\/en\/meeting-with-the-analyst\/\" \/>\n<meta property=\"og:site_name\" content=\"Psike \u0130stanbul\" \/>\n<meta property=\"article:modified_time\" content=\"2025-12-11T09:32:03+00:00\" \/>\n<meta name=\"twitter:card\" content=\"summary_large_image\" \/>\n<meta name=\"twitter:label1\" content=\"Est. reading time\" \/>\n\t<meta name=\"twitter:data1\" content=\"1 minute\" \/>\n<script type=\"application\/ld+json\" class=\"yoast-schema-graph\">{\"@context\":\"https:\\\/\\\/schema.org\",\"@graph\":[{\"@type\":\"WebPage\",\"@id\":\"https:\\\/\\\/psikeistanbul.org\\\/en\\\/meeting-with-the-analyst\\\/\",\"url\":\"https:\\\/\\\/psikeistanbul.org\\\/en\\\/meeting-with-the-analyst\\\/\",\"name\":\"Meeting with the Analyst - Psike \u0130stanbul\",\"isPartOf\":{\"@id\":\"https:\\\/\\\/psikeistanbul.org\\\/#website\"},\"datePublished\":\"2025-12-11T09:28:47+00:00\",\"dateModified\":\"2025-12-11T09:32:03+00:00\",\"breadcrumb\":{\"@id\":\"https:\\\/\\\/psikeistanbul.org\\\/en\\\/meeting-with-the-analyst\\\/#breadcrumb\"},\"inLanguage\":\"en-US\",\"potentialAction\":[{\"@type\":\"ReadAction\",\"target\":[\"https:\\\/\\\/psikeistanbul.org\\\/en\\\/meeting-with-the-analyst\\\/\"]}]},{\"@type\":\"BreadcrumbList\",\"@id\":\"https:\\\/\\\/psikeistanbul.org\\\/en\\\/meeting-with-the-analyst\\\/#breadcrumb\",\"itemListElement\":[{\"@type\":\"ListItem\",\"position\":1,\"name\":\"Anasayfa\",\"item\":\"https:\\\/\\\/psikeistanbul.org\\\/en\\\/\"},{\"@type\":\"ListItem\",\"position\":2,\"name\":\"Meeting with the Analyst\"}]},{\"@type\":\"WebSite\",\"@id\":\"https:\\\/\\\/psikeistanbul.org\\\/#website\",\"url\":\"https:\\\/\\\/psikeistanbul.org\\\/\",\"name\":\"Psike \u0130stanbul\",\"description\":\"\u0130stanbul Psikanaliz E\u011fitim, Ara\u015ft\u0131rma ve Geli\u015ftirme Derne\u011fi\",\"publisher\":{\"@id\":\"https:\\\/\\\/psikeistanbul.org\\\/#organization\"},\"potentialAction\":[{\"@type\":\"SearchAction\",\"target\":{\"@type\":\"EntryPoint\",\"urlTemplate\":\"https:\\\/\\\/psikeistanbul.org\\\/?s={search_term_string}\"},\"query-input\":{\"@type\":\"PropertyValueSpecification\",\"valueRequired\":true,\"valueName\":\"search_term_string\"}}],\"inLanguage\":\"en-US\"},{\"@type\":\"Organization\",\"@id\":\"https:\\\/\\\/psikeistanbul.org\\\/#organization\",\"name\":\"Psike \u0130stanbul\",\"url\":\"https:\\\/\\\/psikeistanbul.org\\\/\",\"logo\":{\"@type\":\"ImageObject\",\"inLanguage\":\"en-US\",\"@id\":\"https:\\\/\\\/psikeistanbul.org\\\/#\\\/schema\\\/logo\\\/image\\\/\",\"url\":\"https:\\\/\\\/psikeistanbul.org\\\/wp-content\\\/uploads\\\/2024\\\/05\\\/Psike-logo-tr-1.jpg\",\"contentUrl\":\"https:\\\/\\\/psikeistanbul.org\\\/wp-content\\\/uploads\\\/2024\\\/05\\\/Psike-logo-tr-1.jpg\",\"width\":528,\"height\":448,\"caption\":\"Psike \u0130stanbul\"},\"image\":{\"@id\":\"https:\\\/\\\/psikeistanbul.org\\\/#\\\/schema\\\/logo\\\/image\\\/\"}}]}<\/script>\n<!-- \/ Yoast SEO plugin. -->","yoast_head_json":{"title":"Meeting with the Analyst - Psike \u0130stanbul","robots":{"index":"index","follow":"follow","max-snippet":"max-snippet:-1","max-image-preview":"max-image-preview:large","max-video-preview":"max-video-preview:-1"},"canonical":"https:\/\/psikeistanbul.org\/en\/meeting-with-the-analyst\/","og_locale":"en_US","og_type":"article","og_title":"Meeting with the Analyst - Psike \u0130stanbul","og_description":"Event List","og_url":"https:\/\/psikeistanbul.org\/en\/meeting-with-the-analyst\/","og_site_name":"Psike \u0130stanbul","article_modified_time":"2025-12-11T09:32:03+00:00","twitter_card":"summary_large_image","twitter_misc":{"Est. reading time":"1 minute"},"schema":{"@context":"https:\/\/schema.org","@graph":[{"@type":"WebPage","@id":"https:\/\/psikeistanbul.org\/en\/meeting-with-the-analyst\/","url":"https:\/\/psikeistanbul.org\/en\/meeting-with-the-analyst\/","name":"Meeting with the Analyst - Psike \u0130stanbul","isPartOf":{"@id":"https:\/\/psikeistanbul.org\/#website"},"datePublished":"2025-12-11T09:28:47+00:00","dateModified":"2025-12-11T09:32:03+00:00","breadcrumb":{"@id":"https:\/\/psikeistanbul.org\/en\/meeting-with-the-analyst\/#breadcrumb"},"inLanguage":"en-US","potentialAction":[{"@type":"ReadAction","target":["https:\/\/psikeistanbul.org\/en\/meeting-with-the-analyst\/"]}]},{"@type":"BreadcrumbList","@id":"https:\/\/psikeistanbul.org\/en\/meeting-with-the-analyst\/#breadcrumb","itemListElement":[{"@type":"ListItem","position":1,"name":"Anasayfa","item":"https:\/\/psikeistanbul.org\/en\/"},{"@type":"ListItem","position":2,"name":"Meeting with the Analyst"}]},{"@type":"WebSite","@id":"https:\/\/psikeistanbul.org\/#website","url":"https:\/\/psikeistanbul.org\/","name":"Psike \u0130stanbul","description":"\u0130stanbul Psikanaliz E\u011fitim, Ara\u015ft\u0131rma ve Geli\u015ftirme Derne\u011fi","publisher":{"@id":"https:\/\/psikeistanbul.org\/#organization"},"potentialAction":[{"@type":"SearchAction","target":{"@type":"EntryPoint","urlTemplate":"https:\/\/psikeistanbul.org\/?s={search_term_string}"},"query-input":{"@type":"PropertyValueSpecification","valueRequired":true,"valueName":"search_term_string"}}],"inLanguage":"en-US"},{"@type":"Organization","@id":"https:\/\/psikeistanbul.org\/#organization","name":"Psike \u0130stanbul","url":"https:\/\/psikeistanbul.org\/","logo":{"@type":"ImageObject","inLanguage":"en-US","@id":"https:\/\/psikeistanbul.org\/#\/schema\/logo\/image\/","url":"https:\/\/psikeistanbul.org\/wp-content\/uploads\/2024\/05\/Psike-logo-tr-1.jpg","contentUrl":"https:\/\/psikeistanbul.org\/wp-content\/uploads\/2024\/05\/Psike-logo-tr-1.jpg","width":528,"height":448,"caption":"Psike \u0130stanbul"},"image":{"@id":"https:\/\/psikeistanbul.org\/#\/schema\/logo\/image\/"}}]}},"_links":{"self":[{"href":"https:\/\/psikeistanbul.org\/en\/wp-json\/wp\/v2\/pages\/100023517","targetHints":{"allow":["GET"]}}],"collection":[{"href":"https:\/\/psikeistanbul.org\/en\/wp-json\/wp\/v2\/pages"}],"about":[{"href":"https:\/\/psikeistanbul.org\/en\/wp-json\/wp\/v2\/types\/page"}],"author":[{"embeddable":true,"href":"https:\/\/psikeistanbul.org\/en\/wp-json\/wp\/v2\/users\/1"}],"replies":[{"embeddable":true,"href":"https:\/\/psikeistanbul.org\/en\/wp-json\/wp\/v2\/comments?post=100023517"}],"version-history":[{"count":1,"href":"https:\/\/psikeistanbul.org\/en\/wp-json\/wp\/v2\/pages\/100023517\/revisions"}],"predecessor-version":[{"id":100023519,"href":"https:\/\/psikeistanbul.org\/en\/wp-json\/wp\/v2\/pages\/100023517\/revisions\/100023519"}],"wp:attachment":[{"href":"https:\/\/psikeistanbul.org\/en\/wp-json\/wp\/v2\/media?parent=100023517"}],"curies":[{"name":"wp","href":"https:\/\/api.w.org\/{rel}","templated":true}]}}