{"id":100008593,"date":"2023-03-14T20:19:12","date_gmt":"2023-03-14T17:19:12","guid":{"rendered":"https:\/\/psikeistanbul.org\/?page_id=100008593"},"modified":"2025-12-11T12:51:42","modified_gmt":"2025-12-11T09:51:42","slug":"psychoanalysis-and-literature","status":"publish","type":"page","link":"https:\/\/psikeistanbul.org\/en\/psychoanalysis-and-literature\/","title":{"rendered":"Psychoanalysis and Literature"},"content":{"rendered":"<!=========Events list Template 2.6.2=========><div id=\"ect-events-list-content\"><div id=\"list-wrp\" class=\"ect-list-wrapper psychoanalysis-and-literature\"><div id=\"event-100018831\" class=\"ect-list-post style-1 ect-simple-event all\"><div class=\"ect-list-post-left \">\n\t\t\t\t<div class=\"ect-list-img\" style=\"background-image:url(&#039;https:\/\/psikeistanbul.org\/wp-content\/uploads\/2023\/11\/psikanalizedebiyat-e1700032535358.png&#039;);background-size:cover;\"><a href=\"https:\/\/psikeistanbul.org\/en\/event\/psikanaliz-ve-edebiyat-bulusmalari-2\/\" alt=\"Psikanaliz ve Edebiyat Bulu\u015fmalar\u0131 &#8211; 2\" rel=\"bookmark\"><div class=\"ect-list-date\"><div class=\"ect-date-area default-schedule\"><span class=\"ev-day\">25<\/span>\n\t\t\t\t\t<span class=\"ev-mo\">November<\/span>\n\t\t\t\t\t<span class=\"ev-yr\">2023<\/span><\/div><\/div><\/a><div class=\"ect-share-wrapper\"><i class=\"ect-icon-share\"><\/i><div class=\"ect-social-share-list\"><a class=\"ect-share-link\" href=\"https:\/\/www.facebook.com\/sharer\/sharer.php?u=https:\/\/psikeistanbul.org\/en\/event\/psikanaliz-ve-edebiyat-bulusmalari-2\/\" target=\"_blank\" title=\"Facebook\"><i class=\"ect-icon-facebook\"><\/i><\/a><a class=\"ect-share-link\" href=\"https:\/\/twitter.com\/intent\/tweet?text=psikanaliz-ve-edebiyat-bulusmalari-2&#038;url=https:\/\/psikeistanbul.org\/en\/event\/psikanaliz-ve-edebiyat-bulusmalari-2\/\" target=\"_blank\" title=\"Twitter\"><i class=\"ect-icon-twitter\"><\/i><\/a><a class=\"ect-share-link\" href=\"http:\/\/www.linkedin.com\/shareArticle?mini=true&#038;url=https:\/\/psikeistanbul.org\/en\/event\/psikanaliz-ve-edebiyat-bulusmalari-2\/\" target=\"_blank\" title=\"Linkedin\"><i class=\"ect-icon-linkedin\"><\/i><\/a><a class=\"ect-email\" href=\"mailto:?Subject=psikanaliz-ve-edebiyat-bulusmalari-2&#038;Body=https:\/\/psikeistanbul.org\/en\/event\/psikanaliz-ve-edebiyat-bulusmalari-2\/\"><i class=\"ect-icon-mail\"><\/i><\/a><a class=\"ect-share-link\" href=\"https:\/\/web.whatsapp.com\/send\/?text=psikanaliz-ve-edebiyat-bulusmalari-2%20https:\/\/psikeistanbul.org\/en\/event\/psikanaliz-ve-edebiyat-bulusmalari-2\/\" target=\"_blank\" title=\"WhatsApp\"><i class=\"ect-icon-whatsapp\"><\/i><\/a><\/div><\/div><\/div><\/div><!-- left-post close --><div class=\"ect-list-post-right\">\n\t\t\t\t<div class=\"ect-list-post-right-table\"><div class=\"ect-list-description\"><h2 class=\"ect-list-title\"><a class=\"ect-event-url\" href=\"https:\/\/psikeistanbul.org\/en\/event\/psikanaliz-ve-edebiyat-bulusmalari-2\/\" rel=\"bookmark\">Psikanaliz ve Edebiyat Bulu\u015fmalar\u0131 &#8211; 2<\/a><\/h2><!-- Event Content --><div class=\"ect-event-content\"><p>Edebiyatla psikanaliz aras\u0131ndaki c\u0327ok yo\u0308nlu\u0308 ilis\u0327kiyi irdelemek amac\u0131yla bas\u0327latt\u0131g\u0306\u0131m\u0131z Psikanaliz ve Edebiyat Bulus\u0327malar\u0131 toplant\u0131lar\u0131n\u0131n ikincisinde estetik c\u0327at\u0131s\u0327ma kavram\u0131na odaklan\u0131yoruz. Kay\u0131t i\u00e7in:https:\/\/psikeistanbul.org\/psikanaliz-ve-ed\u2026malari-2-kayit-2\/<\/p>\n<\/div><a href=\"https:\/\/psikeistanbul.org\/en\/event\/psikanaliz-ve-edebiyat-bulusmalari-2\/\" class=\"ect-events-read-more\" rel=\"bookmark\">Devam\u0131<\/a><\/div><div class=\"ect-list-venue default-venue\"><span class=\"ect-icon\"><i class=\"ect-icon-location\"><\/i><\/span><!-- Event Venue Info -->\n\t\t\t\t\t\t\t<span class=\"ect-venue-details ect-address\">\n\t\t\t\t\t\t\t<div><a href=\"https:\/\/psikeistanbul.org\/en\/venue\/psike-istanbul-merkezi\/\" title=\"Psike \u0130stanbul\">Psike \u0130stanbul<\/a>,<span class=\"tribe-address\">\n\n<span class=\"tribe-street-address\">S\u00fcleyman Nazif Sokak, Park Apt. No: 13\/12 Kat: 4 Valikona\u011f\u0131- \u015ei\u015fli \u2013\u0130stanbul<\/span>\n\t\n\t\t<br>\n\t\t<span class=\"tribe-locality\">\u0130stanbul<\/span><span class=\"tribe-delimiter\">,<\/span>\n\n\n\t<span class=\"tribe-postal-code\">34371<\/span>\n\n\t<span class=\"tribe-country-name\">T\u00fcrkiye<\/span>\n\n<\/span>\n<\/div><span class=\"ect-google\"><a class=\"tribe-events-gmap\" href=\"https:\/\/maps.google.com\/maps?f=q&#038;source=s_q&#038;hl=en&#038;geocode=&#038;q=S%C3%BCleyman+Nazif+Sokak%2C+Park+Apt.+No%3A+13%2F12+Kat%3A+4+Valikona%C4%9F%C4%B1-+%C5%9Ei%C5%9Fli+%E2%80%93%C4%B0stanbul+%C4%B0stanbul+34371+T%C3%BCrkiye\" title=\"Click to view a Google Map\" target=\"_blank\" rel=\"noreferrer noopener\">+ Google Map<\/a><\/span><\/span><\/div><\/div><\/div><!-- right-wrapper close --><\/div><!-- event-loop-end --><\/div><\/div>\n","protected":false},"excerpt":{"rendered":"","protected":false},"author":1,"featured_media":0,"parent":0,"menu_order":0,"comment_status":"closed","ping_status":"closed","template":"","meta":{"footnotes":""},"class_list":["post-100008593","page","type-page","status-publish","hentry","cat_psychoanalysis-and-literature"],"yoast_head":"<!-- This site is optimized with the Yoast SEO plugin v27.3 - https:\/\/yoast.com\/product\/yoast-seo-wordpress\/ -->\n<title>Psychoanalysis and Literature - Psike \u0130stanbul<\/title>\n<meta name=\"robots\" content=\"index, follow, max-snippet:-1, max-image-preview:large, max-video-preview:-1\" \/>\n<link rel=\"canonical\" href=\"https:\/\/psikeistanbul.org\/en\/psychoanalysis-and-literature\/\" \/>\n<meta property=\"og:locale\" content=\"en_US\" \/>\n<meta property=\"og:type\" content=\"article\" \/>\n<meta property=\"og:title\" content=\"Psychoanalysis and Literature - Psike \u0130stanbul\" \/>\n<meta property=\"og:url\" content=\"https:\/\/psikeistanbul.org\/en\/psychoanalysis-and-literature\/\" \/>\n<meta property=\"og:site_name\" content=\"Psike \u0130stanbul\" \/>\n<meta property=\"article:modified_time\" content=\"2025-12-11T09:51:42+00:00\" \/>\n<meta name=\"twitter:card\" content=\"summary_large_image\" \/>\n<meta name=\"twitter:label1\" content=\"Est. reading time\" \/>\n\t<meta name=\"twitter:data1\" content=\"1 minute\" \/>\n<script type=\"application\/ld+json\" class=\"yoast-schema-graph\">{\"@context\":\"https:\\\/\\\/schema.org\",\"@graph\":[{\"@type\":\"WebPage\",\"@id\":\"https:\\\/\\\/psikeistanbul.org\\\/en\\\/psychoanalysis-and-literature\\\/\",\"url\":\"https:\\\/\\\/psikeistanbul.org\\\/en\\\/psychoanalysis-and-literature\\\/\",\"name\":\"Psychoanalysis and Literature - Psike \u0130stanbul\",\"isPartOf\":{\"@id\":\"https:\\\/\\\/psikeistanbul.org\\\/#website\"},\"datePublished\":\"2023-03-14T17:19:12+00:00\",\"dateModified\":\"2025-12-11T09:51:42+00:00\",\"breadcrumb\":{\"@id\":\"https:\\\/\\\/psikeistanbul.org\\\/en\\\/psychoanalysis-and-literature\\\/#breadcrumb\"},\"inLanguage\":\"en-US\",\"potentialAction\":[{\"@type\":\"ReadAction\",\"target\":[\"https:\\\/\\\/psikeistanbul.org\\\/en\\\/psychoanalysis-and-literature\\\/\"]}]},{\"@type\":\"BreadcrumbList\",\"@id\":\"https:\\\/\\\/psikeistanbul.org\\\/en\\\/psychoanalysis-and-literature\\\/#breadcrumb\",\"itemListElement\":[{\"@type\":\"ListItem\",\"position\":1,\"name\":\"Anasayfa\",\"item\":\"https:\\\/\\\/psikeistanbul.org\\\/en\\\/\"},{\"@type\":\"ListItem\",\"position\":2,\"name\":\"Psychoanalysis and Literature\"}]},{\"@type\":\"WebSite\",\"@id\":\"https:\\\/\\\/psikeistanbul.org\\\/#website\",\"url\":\"https:\\\/\\\/psikeistanbul.org\\\/\",\"name\":\"Psike \u0130stanbul\",\"description\":\"\u0130stanbul Psikanaliz E\u011fitim, Ara\u015ft\u0131rma ve Geli\u015ftirme Derne\u011fi\",\"publisher\":{\"@id\":\"https:\\\/\\\/psikeistanbul.org\\\/#organization\"},\"potentialAction\":[{\"@type\":\"SearchAction\",\"target\":{\"@type\":\"EntryPoint\",\"urlTemplate\":\"https:\\\/\\\/psikeistanbul.org\\\/?s={search_term_string}\"},\"query-input\":{\"@type\":\"PropertyValueSpecification\",\"valueRequired\":true,\"valueName\":\"search_term_string\"}}],\"inLanguage\":\"en-US\"},{\"@type\":\"Organization\",\"@id\":\"https:\\\/\\\/psikeistanbul.org\\\/#organization\",\"name\":\"Psike \u0130stanbul\",\"url\":\"https:\\\/\\\/psikeistanbul.org\\\/\",\"logo\":{\"@type\":\"ImageObject\",\"inLanguage\":\"en-US\",\"@id\":\"https:\\\/\\\/psikeistanbul.org\\\/#\\\/schema\\\/logo\\\/image\\\/\",\"url\":\"https:\\\/\\\/psikeistanbul.org\\\/wp-content\\\/uploads\\\/2024\\\/05\\\/Psike-logo-tr-1.jpg\",\"contentUrl\":\"https:\\\/\\\/psikeistanbul.org\\\/wp-content\\\/uploads\\\/2024\\\/05\\\/Psike-logo-tr-1.jpg\",\"width\":528,\"height\":448,\"caption\":\"Psike \u0130stanbul\"},\"image\":{\"@id\":\"https:\\\/\\\/psikeistanbul.org\\\/#\\\/schema\\\/logo\\\/image\\\/\"}}]}<\/script>\n<!-- \/ Yoast SEO plugin. -->","yoast_head_json":{"title":"Psychoanalysis and Literature - Psike \u0130stanbul","robots":{"index":"index","follow":"follow","max-snippet":"max-snippet:-1","max-image-preview":"max-image-preview:large","max-video-preview":"max-video-preview:-1"},"canonical":"https:\/\/psikeistanbul.org\/en\/psychoanalysis-and-literature\/","og_locale":"en_US","og_type":"article","og_title":"Psychoanalysis and Literature - Psike \u0130stanbul","og_url":"https:\/\/psikeistanbul.org\/en\/psychoanalysis-and-literature\/","og_site_name":"Psike \u0130stanbul","article_modified_time":"2025-12-11T09:51:42+00:00","twitter_card":"summary_large_image","twitter_misc":{"Est. reading time":"1 minute"},"schema":{"@context":"https:\/\/schema.org","@graph":[{"@type":"WebPage","@id":"https:\/\/psikeistanbul.org\/en\/psychoanalysis-and-literature\/","url":"https:\/\/psikeistanbul.org\/en\/psychoanalysis-and-literature\/","name":"Psychoanalysis and Literature - Psike \u0130stanbul","isPartOf":{"@id":"https:\/\/psikeistanbul.org\/#website"},"datePublished":"2023-03-14T17:19:12+00:00","dateModified":"2025-12-11T09:51:42+00:00","breadcrumb":{"@id":"https:\/\/psikeistanbul.org\/en\/psychoanalysis-and-literature\/#breadcrumb"},"inLanguage":"en-US","potentialAction":[{"@type":"ReadAction","target":["https:\/\/psikeistanbul.org\/en\/psychoanalysis-and-literature\/"]}]},{"@type":"BreadcrumbList","@id":"https:\/\/psikeistanbul.org\/en\/psychoanalysis-and-literature\/#breadcrumb","itemListElement":[{"@type":"ListItem","position":1,"name":"Anasayfa","item":"https:\/\/psikeistanbul.org\/en\/"},{"@type":"ListItem","position":2,"name":"Psychoanalysis and Literature"}]},{"@type":"WebSite","@id":"https:\/\/psikeistanbul.org\/#website","url":"https:\/\/psikeistanbul.org\/","name":"Psike \u0130stanbul","description":"\u0130stanbul Psikanaliz E\u011fitim, Ara\u015ft\u0131rma ve Geli\u015ftirme Derne\u011fi","publisher":{"@id":"https:\/\/psikeistanbul.org\/#organization"},"potentialAction":[{"@type":"SearchAction","target":{"@type":"EntryPoint","urlTemplate":"https:\/\/psikeistanbul.org\/?s={search_term_string}"},"query-input":{"@type":"PropertyValueSpecification","valueRequired":true,"valueName":"search_term_string"}}],"inLanguage":"en-US"},{"@type":"Organization","@id":"https:\/\/psikeistanbul.org\/#organization","name":"Psike \u0130stanbul","url":"https:\/\/psikeistanbul.org\/","logo":{"@type":"ImageObject","inLanguage":"en-US","@id":"https:\/\/psikeistanbul.org\/#\/schema\/logo\/image\/","url":"https:\/\/psikeistanbul.org\/wp-content\/uploads\/2024\/05\/Psike-logo-tr-1.jpg","contentUrl":"https:\/\/psikeistanbul.org\/wp-content\/uploads\/2024\/05\/Psike-logo-tr-1.jpg","width":528,"height":448,"caption":"Psike \u0130stanbul"},"image":{"@id":"https:\/\/psikeistanbul.org\/#\/schema\/logo\/image\/"}}]}},"_links":{"self":[{"href":"https:\/\/psikeistanbul.org\/en\/wp-json\/wp\/v2\/pages\/100008593","targetHints":{"allow":["GET"]}}],"collection":[{"href":"https:\/\/psikeistanbul.org\/en\/wp-json\/wp\/v2\/pages"}],"about":[{"href":"https:\/\/psikeistanbul.org\/en\/wp-json\/wp\/v2\/types\/page"}],"author":[{"embeddable":true,"href":"https:\/\/psikeistanbul.org\/en\/wp-json\/wp\/v2\/users\/1"}],"replies":[{"embeddable":true,"href":"https:\/\/psikeistanbul.org\/en\/wp-json\/wp\/v2\/comments?post=100008593"}],"version-history":[{"count":4,"href":"https:\/\/psikeistanbul.org\/en\/wp-json\/wp\/v2\/pages\/100008593\/revisions"}],"predecessor-version":[{"id":100023526,"href":"https:\/\/psikeistanbul.org\/en\/wp-json\/wp\/v2\/pages\/100008593\/revisions\/100023526"}],"wp:attachment":[{"href":"https:\/\/psikeistanbul.org\/en\/wp-json\/wp\/v2\/media?parent=100008593"}],"curies":[{"name":"wp","href":"https:\/\/api.w.org\/{rel}","templated":true}]}}