{"id":100008542,"date":"2023-03-13T16:29:05","date_gmt":"2023-03-13T13:29:05","guid":{"rendered":"https:\/\/psikeistanbul.org\/uyesi-oldugumuz-topluluklar\/"},"modified":"2023-03-14T19:38:57","modified_gmt":"2023-03-14T16:38:57","slug":"affiliated-associations","status":"publish","type":"page","link":"https:\/\/psikeistanbul.org\/en\/affiliated-associations\/","title":{"rendered":"Affiliated Associations"},"content":{"rendered":"<h4>IPA<\/h4>\n<p><img decoding=\"async\" class=\"alignnone size-medium wp-image-100008529\" src=\"https:\/\/psikeistanbul.org\/wp-content\/uploads\/2023\/03\/ipa-logo-1-300x300.jpg\" alt=\"\" width=\"225\" srcset=\"https:\/\/psikeistanbul.org\/wp-content\/uploads\/2023\/03\/ipa-logo-1-300x300.jpg 300w, https:\/\/psikeistanbul.org\/wp-content\/uploads\/2023\/03\/ipa-logo-1-150x150.jpg 150w, https:\/\/psikeistanbul.org\/wp-content\/uploads\/2023\/03\/ipa-logo-1-768x768.jpg 768w, https:\/\/psikeistanbul.org\/wp-content\/uploads\/2023\/03\/ipa-logo-1-187x187.jpg 187w, https:\/\/psikeistanbul.org\/wp-content\/uploads\/2023\/03\/ipa-logo-1.jpg 900w\" sizes=\"(max-width: 300px) 100vw, 300px\"\/><\/p>\n<p><span style=\"font-weight: 400;\">The IPA is a membership organisation &ndash; we exist because of our members, and for their benefit. One of our primary aims is to foster and enhance members&rsquo; sense of participation in and belonging to an international psychoanalytic organisation and community. The IPA exists to advance psychoanalysis. It is the world&rsquo;s primary accrediting and regulatory body for the profession, and our mission is to ensure the continued vigour and <span class=\"glossaryLink cmtt_&#304;ngilizce - T&uuml;rk&ccedil;e\"  aria-describedby=\"tt\"  data-cmtooltip=\"cmtt_f32bceee151baa0871bc9de75190da64\"  data-mobile-support=\"0\"  data-gt-translate-attributes='[{\"attribute\":\"data-cmtooltip\", \"format\":\"html\"}]' tabindex='0' role='link'>development<\/span> of the science of psychoanalysis.<\/span><\/p>\n<p>https:\/\/www.ipa.world<\/p>\n<h4>EPF<\/h4>\n<p><img loading=\"lazy\" decoding=\"async\" class=\"alignnone size-full wp-image-100008531\" src=\"https:\/\/psikeistanbul.org\/wp-content\/uploads\/2023\/03\/epf-logo-1.png\" alt=\"\" width=\"225\" height=\"225\" srcset=\"https:\/\/psikeistanbul.org\/wp-content\/uploads\/2023\/03\/epf-logo-1.png 225w, https:\/\/psikeistanbul.org\/wp-content\/uploads\/2023\/03\/epf-logo-1-150x150.png 150w, https:\/\/psikeistanbul.org\/wp-content\/uploads\/2023\/03\/epf-logo-1-187x187.png 187w\" sizes=\"auto, (max-width: 225px) 100vw, 225px\"\/><\/p>\n<p><span style=\"font-weight: 400;\">The <span class=\"glossaryLink cmtt_&#304;ngilizce - T&uuml;rk&ccedil;e\"  aria-describedby=\"tt\"  data-cmtooltip=\"cmtt_cee69581b8999c61030fc79bc519888c\"  data-mobile-support=\"0\"  data-gt-translate-attributes='[{\"attribute\":\"data-cmtooltip\", \"format\":\"html\"}]' tabindex='0' role='link'>task<\/span> of the European Psychoanalytical Federation is to <span class=\"glossaryLink cmtt_&#304;ngilizce - T&uuml;rk&ccedil;e\"  aria-describedby=\"tt\"  data-cmtooltip=\"cmtt_e29d95bfe93bf1f645bb1fb753ba3b41\"  data-mobile-support=\"0\"  data-gt-translate-attributes='[{\"attribute\":\"data-cmtooltip\", \"format\":\"html\"}]' tabindex='0' role='link'>function<\/span> as an arena of exchange and an <span class=\"glossaryLink cmtt_&#304;ngilizce - T&uuml;rk&ccedil;e\"  aria-describedby=\"tt\"  data-cmtooltip=\"cmtt_9d40b1c8f0bff2dc4aeb5599890ec0d4\"  data-mobile-support=\"0\"  data-gt-translate-attributes='[{\"attribute\":\"data-cmtooltip\", \"format\":\"html\"}]' tabindex='0' role='link'>intellectual<\/span> forum for all psychoanalytical societies of Europe. The European Psycho-Analytical Federation (EPF), the scientific federation of all European psychoanalytical Societies and Study Groups belonging to the International Psychoanalytical <span class=\"glossaryLink cmtt_&#304;ngilizce - T&uuml;rk&ccedil;e\"  aria-describedby=\"tt\"  data-cmtooltip=\"cmtt_ac4e1b4a5b5bf240163c4d0328b70db5\"  data-mobile-support=\"0\"  data-gt-translate-attributes='[{\"attribute\":\"data-cmtooltip\", \"format\":\"html\"}]' tabindex='0' role='link'>Association<\/span> (IPA), has been in existence for more than 50 years. Today, it incorporates around 5.000 members coming from 36 Societies in 25 European countries in which more than 20 languages are spoken.<\/span><\/p>\n<p>https:\/\/www.epf-fep.eu\/<\/p>\n<h4>COWAP<\/h4>\n<p><img decoding=\"async\" class=\"alignnone size-medium wp-image-100008535\" src=\"https:\/\/psikeistanbul.org\/wp-content\/uploads\/2023\/03\/cowap-logo-1-300x211.jpg\" alt=\"\" width=\"225\" srcset=\"https:\/\/psikeistanbul.org\/wp-content\/uploads\/2023\/03\/cowap-logo-1-300x211.jpg 300w, https:\/\/psikeistanbul.org\/wp-content\/uploads\/2023\/03\/cowap-logo-1-266x187.jpg 266w, https:\/\/psikeistanbul.org\/wp-content\/uploads\/2023\/03\/cowap-logo-1.jpg 608w\" sizes=\"(max-width: 300px) 100vw, 300px\"\/><\/p>\n<p><span style=\"font-weight: 400;\">The Committee was established in 1998 to provide a framework for the exploration of topics relating to issues primarily of <span class=\"glossaryLink cmtt_&#304;ngilizce - T&uuml;rk&ccedil;e\"  aria-describedby=\"tt\"  data-cmtooltip=\"cmtt_b6453def606789db5e51b5c4b9bbd860\"  data-mobile-support=\"0\"  data-gt-translate-attributes='[{\"attribute\":\"data-cmtooltip\", \"format\":\"html\"}]' tabindex='0' role='link'>concern<\/span> to women. In 2001 it shifted to considering the relations between men and women, <span class=\"glossaryLink cmtt_&#304;ngilizce - T&uuml;rk&ccedil;e\"  aria-describedby=\"tt\"  data-cmtooltip=\"cmtt_fad79c3fd5377239cde53efc42090127\"  data-mobile-support=\"0\"  data-gt-translate-attributes='[{\"attribute\":\"data-cmtooltip\", \"format\":\"html\"}]' tabindex='0' role='link'>masculinity<\/span> and <span class=\"glossaryLink cmtt_&#304;ngilizce - T&uuml;rk&ccedil;e\"  aria-describedby=\"tt\"  data-cmtooltip=\"cmtt_718ecc819e8f250040ef26dbe6d0cded\"  data-mobile-support=\"0\"  data-gt-translate-attributes='[{\"attribute\":\"data-cmtooltip\", \"format\":\"html\"}]' tabindex='0' role='link'>femininity<\/span>, and currently includes issues of <span class=\"glossaryLink cmtt_&#304;ngilizce - T&uuml;rk&ccedil;e\"  aria-describedby=\"tt\"  data-cmtooltip=\"cmtt_b6453def606789db5e51b5c4b9bbd860\"  data-mobile-support=\"0\"  data-gt-translate-attributes='[{\"attribute\":\"data-cmtooltip\", \"format\":\"html\"}]' tabindex='0' role='link'>concern<\/span> to men.<\/span><\/p>\n<p><span style=\"font-weight: 400;\">The overall strategic objective of the Group of Committees is &ldquo;to foster scientific <span class=\"glossaryLink cmtt_&#304;ngilizce - T&uuml;rk&ccedil;e\"  aria-describedby=\"tt\"  data-cmtooltip=\"cmtt_f32bceee151baa0871bc9de75190da64\"  data-mobile-support=\"0\"  data-gt-translate-attributes='[{\"attribute\":\"data-cmtooltip\", \"format\":\"html\"}]' tabindex='0' role='link'>development<\/span> and learning, and the maintenance of high professional standards&rdquo;<\/span><\/p>\n<p><span style=\"font-weight: 400;\">The Committee will conduct psychoanalytical research into problems concerning the <span class=\"glossaryLink cmtt_&#304;ngilizce - T&uuml;rk&ccedil;e\"  aria-describedby=\"tt\"  data-cmtooltip=\"cmtt_6c2bea276206ea77b532e122affbe654\"  data-mobile-support=\"0\"  data-gt-translate-attributes='[{\"attribute\":\"data-cmtooltip\", \"format\":\"html\"}]' tabindex='0' role='link'>complex<\/span> relations between categories of <span class=\"glossaryLink cmtt_&#304;ngilizce - T&uuml;rk&ccedil;e\"  aria-describedby=\"tt\"  data-cmtooltip=\"cmtt_e81fe6232c001a81abf39c40f21f7936\"  data-mobile-support=\"0\"  data-gt-translate-attributes='[{\"attribute\":\"data-cmtooltip\", \"format\":\"html\"}]' tabindex='0' role='link'>sexuality<\/span> and <span class=\"glossaryLink cmtt_&#304;ngilizce - T&uuml;rk&ccedil;e\"  aria-describedby=\"tt\"  data-cmtooltip=\"cmtt_2139c4cccd41045d7ab094bd6d0894ce\"  data-mobile-support=\"0\"  data-gt-translate-attributes='[{\"attribute\":\"data-cmtooltip\", \"format\":\"html\"}]' tabindex='0' role='link'>gender<\/span> and their implications for psychoanalysis. It is planned to study the cultural and historical influences on the <span class=\"glossaryLink cmtt_Frans&#305;zca - T&uuml;rk&ccedil;e\"  aria-describedby=\"tt\"  data-cmtooltip=\"cmtt_92aba62e07031574f4410db37ec4ea04\"  data-mobile-support=\"0\"  data-gt-translate-attributes='[{\"attribute\":\"data-cmtooltip\", \"format\":\"html\"}]' tabindex='0' role='link'>construction<\/span> of psychoanalytic theories related to men and women.<\/span><\/p>\n<h4>IPSO<\/h4>\n<p><img decoding=\"async\" class=\"alignnone size-full wp-image-100008537\" src=\"https:\/\/psikeistanbul.org\/wp-content\/uploads\/2023\/03\/ipso-logo-1.jpg\" alt=\"\" width=\"200\" srcset=\"https:\/\/psikeistanbul.org\/wp-content\/uploads\/2023\/03\/ipso-logo-1.jpg 224w, https:\/\/psikeistanbul.org\/wp-content\/uploads\/2023\/03\/ipso-logo-1-150x150.jpg 150w, https:\/\/psikeistanbul.org\/wp-content\/uploads\/2023\/03\/ipso-logo-1-187x187.jpg 187w\" sizes=\"(max-width: 224px) 100vw, 224px\"\/><\/p>\n<p><span style=\"font-weight: 400;\">The International Psychoanalytical Studies Organization (IPSO) was founded in 1975. It is the only global candidates&rsquo; organization of the International Psychoanalytical <span class=\"glossaryLink cmtt_&#304;ngilizce - T&uuml;rk&ccedil;e\"  aria-describedby=\"tt\"  data-cmtooltip=\"cmtt_ac4e1b4a5b5bf240163c4d0328b70db5\"  data-mobile-support=\"0\"  data-gt-translate-attributes='[{\"attribute\":\"data-cmtooltip\", \"format\":\"html\"}]' tabindex='0' role='link'>Association<\/span> (IPA). IPSO has more than 2,600 members from 50 countries and 83 IPA Institutes.&nbsp; IPSO was established to provide IPA candidates with an opportunity to come together to discuss issues of training, theory, and practice, as well as to offer a social context for candidates&rsquo; cross-cultural engagement.<\/span><\/p>\n<blockquote class=\"wp-embedded-content\" data-secret=\"mA6ZcnzhdL\"><p><a href=\"https:\/\/www.ipso.world\/\">Home<\/a><\/p><\/blockquote>\n<p><iframe loading=\"lazy\" class=\"wp-embedded-content\" sandbox=\"allow-scripts\" security=\"restricted\" style=\"position: absolute; clip: rect(1px, 1px, 1px, 1px);\" title=\"&ldquo;Home&rdquo; &mdash; Ipso\" src=\"https:\/\/www.ipso.world\/embed\/#?secret=mA6ZcnzhdL\" data-secret=\"mA6ZcnzhdL\" width=\"500\" height=\"282\" frameborder=\"0\" marginwidth=\"0\" marginheight=\"0\" scrolling=\"no\"><\/iframe><\/p>\n","protected":false},"excerpt":{"rendered":"<p>IPA The IPA is a membership organisation \u2013 we exist because of our members, and for their benefit. One of our primary aims is to foster and enhance members\u2019 sense<\/p>\n","protected":false},"author":1,"featured_media":0,"parent":0,"menu_order":0,"comment_status":"closed","ping_status":"closed","template":"","meta":{"footnotes":""},"class_list":["post-100008542","page","type-page","status-publish","hentry"],"yoast_head":"<!-- This site is optimized with the Yoast SEO plugin v27.3 - https:\/\/yoast.com\/product\/yoast-seo-wordpress\/ -->\n<title>Affiliated Associations - Psike \u0130stanbul<\/title>\n<meta name=\"robots\" content=\"index, follow, max-snippet:-1, max-image-preview:large, max-video-preview:-1\" \/>\n<link rel=\"canonical\" href=\"https:\/\/psikeistanbul.org\/en\/affiliated-associations\/\" \/>\n<meta property=\"og:locale\" content=\"en_US\" \/>\n<meta property=\"og:type\" content=\"article\" \/>\n<meta property=\"og:title\" content=\"Affiliated Associations - Psike \u0130stanbul\" \/>\n<meta property=\"og:description\" content=\"IPA The IPA is a membership organisation \u2013 we exist because of our members, and for their benefit. One of our primary aims is to foster and enhance members\u2019 sense\" \/>\n<meta property=\"og:url\" content=\"https:\/\/psikeistanbul.org\/en\/affiliated-associations\/\" \/>\n<meta property=\"og:site_name\" content=\"Psike \u0130stanbul\" \/>\n<meta property=\"article:modified_time\" content=\"2023-03-14T16:38:57+00:00\" \/>\n<meta property=\"og:image\" content=\"https:\/\/psikeistanbul.org\/wp-content\/uploads\/2023\/03\/ipa-logo-1-300x300.jpg\" \/>\n<meta name=\"twitter:card\" content=\"summary_large_image\" \/>\n<meta name=\"twitter:label1\" content=\"Est. reading time\" \/>\n\t<meta name=\"twitter:data1\" content=\"2 minutes\" \/>\n<script type=\"application\/ld+json\" class=\"yoast-schema-graph\">{\"@context\":\"https:\\\/\\\/schema.org\",\"@graph\":[{\"@type\":\"WebPage\",\"@id\":\"https:\\\/\\\/psikeistanbul.org\\\/en\\\/affiliated-associations\\\/\",\"url\":\"https:\\\/\\\/psikeistanbul.org\\\/en\\\/affiliated-associations\\\/\",\"name\":\"Affiliated Associations - Psike \u0130stanbul\",\"isPartOf\":{\"@id\":\"https:\\\/\\\/psikeistanbul.org\\\/#website\"},\"primaryImageOfPage\":{\"@id\":\"https:\\\/\\\/psikeistanbul.org\\\/en\\\/affiliated-associations\\\/#primaryimage\"},\"image\":{\"@id\":\"https:\\\/\\\/psikeistanbul.org\\\/en\\\/affiliated-associations\\\/#primaryimage\"},\"thumbnailUrl\":\"https:\\\/\\\/psikeistanbul.org\\\/wp-content\\\/uploads\\\/2023\\\/03\\\/ipa-logo-1-300x300.jpg\",\"datePublished\":\"2023-03-13T13:29:05+00:00\",\"dateModified\":\"2023-03-14T16:38:57+00:00\",\"breadcrumb\":{\"@id\":\"https:\\\/\\\/psikeistanbul.org\\\/en\\\/affiliated-associations\\\/#breadcrumb\"},\"inLanguage\":\"en-US\",\"potentialAction\":[{\"@type\":\"ReadAction\",\"target\":[\"https:\\\/\\\/psikeistanbul.org\\\/en\\\/affiliated-associations\\\/\"]}]},{\"@type\":\"ImageObject\",\"inLanguage\":\"en-US\",\"@id\":\"https:\\\/\\\/psikeistanbul.org\\\/en\\\/affiliated-associations\\\/#primaryimage\",\"url\":\"https:\\\/\\\/psikeistanbul.org\\\/wp-content\\\/uploads\\\/2023\\\/03\\\/ipa-logo-1-300x300.jpg\",\"contentUrl\":\"https:\\\/\\\/psikeistanbul.org\\\/wp-content\\\/uploads\\\/2023\\\/03\\\/ipa-logo-1-300x300.jpg\"},{\"@type\":\"BreadcrumbList\",\"@id\":\"https:\\\/\\\/psikeistanbul.org\\\/en\\\/affiliated-associations\\\/#breadcrumb\",\"itemListElement\":[{\"@type\":\"ListItem\",\"position\":1,\"name\":\"Anasayfa\",\"item\":\"https:\\\/\\\/psikeistanbul.org\\\/en\\\/\"},{\"@type\":\"ListItem\",\"position\":2,\"name\":\"Affiliated Associations\"}]},{\"@type\":\"WebSite\",\"@id\":\"https:\\\/\\\/psikeistanbul.org\\\/#website\",\"url\":\"https:\\\/\\\/psikeistanbul.org\\\/\",\"name\":\"Psike \u0130stanbul\",\"description\":\"\u0130stanbul Psikanaliz E\u011fitim, Ara\u015ft\u0131rma ve Geli\u015ftirme Derne\u011fi\",\"publisher\":{\"@id\":\"https:\\\/\\\/psikeistanbul.org\\\/#organization\"},\"potentialAction\":[{\"@type\":\"SearchAction\",\"target\":{\"@type\":\"EntryPoint\",\"urlTemplate\":\"https:\\\/\\\/psikeistanbul.org\\\/?s={search_term_string}\"},\"query-input\":{\"@type\":\"PropertyValueSpecification\",\"valueRequired\":true,\"valueName\":\"search_term_string\"}}],\"inLanguage\":\"en-US\"},{\"@type\":\"Organization\",\"@id\":\"https:\\\/\\\/psikeistanbul.org\\\/#organization\",\"name\":\"Psike \u0130stanbul\",\"url\":\"https:\\\/\\\/psikeistanbul.org\\\/\",\"logo\":{\"@type\":\"ImageObject\",\"inLanguage\":\"en-US\",\"@id\":\"https:\\\/\\\/psikeistanbul.org\\\/#\\\/schema\\\/logo\\\/image\\\/\",\"url\":\"https:\\\/\\\/psikeistanbul.org\\\/wp-content\\\/uploads\\\/2024\\\/05\\\/Psike-logo-tr-1.jpg\",\"contentUrl\":\"https:\\\/\\\/psikeistanbul.org\\\/wp-content\\\/uploads\\\/2024\\\/05\\\/Psike-logo-tr-1.jpg\",\"width\":528,\"height\":448,\"caption\":\"Psike \u0130stanbul\"},\"image\":{\"@id\":\"https:\\\/\\\/psikeistanbul.org\\\/#\\\/schema\\\/logo\\\/image\\\/\"}}]}<\/script>\n<!-- \/ Yoast SEO plugin. -->","yoast_head_json":{"title":"Affiliated Associations - Psike \u0130stanbul","robots":{"index":"index","follow":"follow","max-snippet":"max-snippet:-1","max-image-preview":"max-image-preview:large","max-video-preview":"max-video-preview:-1"},"canonical":"https:\/\/psikeistanbul.org\/en\/affiliated-associations\/","og_locale":"en_US","og_type":"article","og_title":"Affiliated Associations - Psike \u0130stanbul","og_description":"IPA The IPA is a membership organisation \u2013 we exist because of our members, and for their benefit. One of our primary aims is to foster and enhance members\u2019 sense","og_url":"https:\/\/psikeistanbul.org\/en\/affiliated-associations\/","og_site_name":"Psike \u0130stanbul","article_modified_time":"2023-03-14T16:38:57+00:00","og_image":[{"url":"https:\/\/psikeistanbul.org\/wp-content\/uploads\/2023\/03\/ipa-logo-1-300x300.jpg","type":"","width":"","height":""}],"twitter_card":"summary_large_image","twitter_misc":{"Est. reading time":"2 minutes"},"schema":{"@context":"https:\/\/schema.org","@graph":[{"@type":"WebPage","@id":"https:\/\/psikeistanbul.org\/en\/affiliated-associations\/","url":"https:\/\/psikeistanbul.org\/en\/affiliated-associations\/","name":"Affiliated Associations - Psike \u0130stanbul","isPartOf":{"@id":"https:\/\/psikeistanbul.org\/#website"},"primaryImageOfPage":{"@id":"https:\/\/psikeistanbul.org\/en\/affiliated-associations\/#primaryimage"},"image":{"@id":"https:\/\/psikeistanbul.org\/en\/affiliated-associations\/#primaryimage"},"thumbnailUrl":"https:\/\/psikeistanbul.org\/wp-content\/uploads\/2023\/03\/ipa-logo-1-300x300.jpg","datePublished":"2023-03-13T13:29:05+00:00","dateModified":"2023-03-14T16:38:57+00:00","breadcrumb":{"@id":"https:\/\/psikeistanbul.org\/en\/affiliated-associations\/#breadcrumb"},"inLanguage":"en-US","potentialAction":[{"@type":"ReadAction","target":["https:\/\/psikeistanbul.org\/en\/affiliated-associations\/"]}]},{"@type":"ImageObject","inLanguage":"en-US","@id":"https:\/\/psikeistanbul.org\/en\/affiliated-associations\/#primaryimage","url":"https:\/\/psikeistanbul.org\/wp-content\/uploads\/2023\/03\/ipa-logo-1-300x300.jpg","contentUrl":"https:\/\/psikeistanbul.org\/wp-content\/uploads\/2023\/03\/ipa-logo-1-300x300.jpg"},{"@type":"BreadcrumbList","@id":"https:\/\/psikeistanbul.org\/en\/affiliated-associations\/#breadcrumb","itemListElement":[{"@type":"ListItem","position":1,"name":"Anasayfa","item":"https:\/\/psikeistanbul.org\/en\/"},{"@type":"ListItem","position":2,"name":"Affiliated Associations"}]},{"@type":"WebSite","@id":"https:\/\/psikeistanbul.org\/#website","url":"https:\/\/psikeistanbul.org\/","name":"Psike \u0130stanbul","description":"\u0130stanbul Psikanaliz E\u011fitim, Ara\u015ft\u0131rma ve Geli\u015ftirme Derne\u011fi","publisher":{"@id":"https:\/\/psikeistanbul.org\/#organization"},"potentialAction":[{"@type":"SearchAction","target":{"@type":"EntryPoint","urlTemplate":"https:\/\/psikeistanbul.org\/?s={search_term_string}"},"query-input":{"@type":"PropertyValueSpecification","valueRequired":true,"valueName":"search_term_string"}}],"inLanguage":"en-US"},{"@type":"Organization","@id":"https:\/\/psikeistanbul.org\/#organization","name":"Psike \u0130stanbul","url":"https:\/\/psikeistanbul.org\/","logo":{"@type":"ImageObject","inLanguage":"en-US","@id":"https:\/\/psikeistanbul.org\/#\/schema\/logo\/image\/","url":"https:\/\/psikeistanbul.org\/wp-content\/uploads\/2024\/05\/Psike-logo-tr-1.jpg","contentUrl":"https:\/\/psikeistanbul.org\/wp-content\/uploads\/2024\/05\/Psike-logo-tr-1.jpg","width":528,"height":448,"caption":"Psike \u0130stanbul"},"image":{"@id":"https:\/\/psikeistanbul.org\/#\/schema\/logo\/image\/"}}]}},"_links":{"self":[{"href":"https:\/\/psikeistanbul.org\/en\/wp-json\/wp\/v2\/pages\/100008542","targetHints":{"allow":["GET"]}}],"collection":[{"href":"https:\/\/psikeistanbul.org\/en\/wp-json\/wp\/v2\/pages"}],"about":[{"href":"https:\/\/psikeistanbul.org\/en\/wp-json\/wp\/v2\/types\/page"}],"author":[{"embeddable":true,"href":"https:\/\/psikeistanbul.org\/en\/wp-json\/wp\/v2\/users\/1"}],"replies":[{"embeddable":true,"href":"https:\/\/psikeistanbul.org\/en\/wp-json\/wp\/v2\/comments?post=100008542"}],"version-history":[{"count":2,"href":"https:\/\/psikeistanbul.org\/en\/wp-json\/wp\/v2\/pages\/100008542\/revisions"}],"predecessor-version":[{"id":100008591,"href":"https:\/\/psikeistanbul.org\/en\/wp-json\/wp\/v2\/pages\/100008542\/revisions\/100008591"}],"wp:attachment":[{"href":"https:\/\/psikeistanbul.org\/en\/wp-json\/wp\/v2\/media?parent=100008542"}],"curies":[{"name":"wp","href":"https:\/\/api.w.org\/{rel}","templated":true}]}}