{"id":100008374,"date":"2023-02-28T17:14:02","date_gmt":"2023-02-28T14:14:02","guid":{"rendered":"https:\/\/psike2.nevsite.com\/?page_id=100008374"},"modified":"2023-02-28T17:15:27","modified_gmt":"2023-02-28T14:15:27","slug":"psychoanalysis-and-the-artist","status":"publish","type":"page","link":"https:\/\/psikeistanbul.org\/en\/psychoanalysis-and-the-artist\/","title":{"rendered":"Psychoanalysis and The Artist"},"content":{"rendered":"<p>The outreach comittee holds panels around the work of various artists at the Sabanci Museum in Istanbul. The discussions and presentations\u00a0 use the work of the artist in order to introduce psychoanalytic thinking and theory in addition to\u00a0 a new language to appreciate art.<\/p>\n<!=========Events list Template 2.6.2=========><div id=\"ect-events-list-content\"><div id=\"list-wrp\" class=\"ect-list-wrapper psychoanalysis-and-the-artist\"><div id=\"event-100006723\" class=\"ect-list-post style-1 ect-simple-event all\"><div class=\"ect-list-post-left \">\n\t\t\t\t<div class=\"ect-list-img\" style=\"background-image:url(&#039;https:\/\/psikeistanbul.org\/wp-content\/uploads\/2022\/12\/mcadamfreud1.png&#039;);background-size:cover;\"><a href=\"https:\/\/psikeistanbul.org\/en\/event\/the-authority-of-the-object-jane-mcadam-freud-conference-and-workshop-september-2017\/\" alt=\"The Authority of the Object: Jane McAdam Freud &#8211; Conference and Workshop &#8211; September 2017\" rel=\"bookmark\"><div class=\"ect-list-date\"><div class=\"ect-date-area default-schedule\"><span class=\"ev-day\">01<\/span>\n\t\t\t\t\t<span class=\"ev-mo\">September<\/span>\n\t\t\t\t\t<span class=\"ev-yr\">2017<\/span><\/div><\/div><\/a><div class=\"ect-share-wrapper\"><i class=\"ect-icon-share\"><\/i><div class=\"ect-social-share-list\"><a class=\"ect-share-link\" href=\"https:\/\/www.facebook.com\/sharer\/sharer.php?u=https:\/\/psikeistanbul.org\/en\/event\/the-authority-of-the-object-jane-mcadam-freud-conference-and-workshop-september-2017\/\" target=\"_blank\" title=\"Facebook\"><i class=\"ect-icon-facebook\"><\/i><\/a><a class=\"ect-share-link\" href=\"https:\/\/twitter.com\/intent\/tweet?text=the-authority-of-the-object-jane-mcadam-freud-conference-and-workshop-september-2017&#038;url=https:\/\/psikeistanbul.org\/en\/event\/the-authority-of-the-object-jane-mcadam-freud-conference-and-workshop-september-2017\/\" target=\"_blank\" title=\"Twitter\"><i class=\"ect-icon-twitter\"><\/i><\/a><a class=\"ect-share-link\" href=\"http:\/\/www.linkedin.com\/shareArticle?mini=true&#038;url=https:\/\/psikeistanbul.org\/en\/event\/the-authority-of-the-object-jane-mcadam-freud-conference-and-workshop-september-2017\/\" target=\"_blank\" title=\"Linkedin\"><i class=\"ect-icon-linkedin\"><\/i><\/a><a class=\"ect-email\" href=\"mailto:?Subject=the-authority-of-the-object-jane-mcadam-freud-conference-and-workshop-september-2017&#038;Body=https:\/\/psikeistanbul.org\/en\/event\/the-authority-of-the-object-jane-mcadam-freud-conference-and-workshop-september-2017\/\"><i class=\"ect-icon-mail\"><\/i><\/a><a class=\"ect-share-link\" href=\"https:\/\/web.whatsapp.com\/send\/?text=the-authority-of-the-object-jane-mcadam-freud-conference-and-workshop-september-2017%20https:\/\/psikeistanbul.org\/en\/event\/the-authority-of-the-object-jane-mcadam-freud-conference-and-workshop-september-2017\/\" target=\"_blank\" title=\"WhatsApp\"><i class=\"ect-icon-whatsapp\"><\/i><\/a><\/div><\/div><\/div><\/div><!-- left-post close --><div class=\"ect-list-post-right\">\n\t\t\t\t<div class=\"ect-list-post-right-table\"><div class=\"ect-list-description\" style=\"width:100%;\"><h2 class=\"ect-list-title\"><a class=\"ect-event-url\" href=\"https:\/\/psikeistanbul.org\/en\/event\/the-authority-of-the-object-jane-mcadam-freud-conference-and-workshop-september-2017\/\" rel=\"bookmark\">The Authority of the Object: Jane McAdam Freud &#8211; Conference and Workshop &#8211; September 2017<\/a><\/h2><!-- Event Content --><div class=\"ect-event-content\"><p>We are very happy to be hosting Sigmund Freud\u2019s granddaughter, world-renowned painter Lucian Freud\u2019s daughter, a great artist herself Jane McAdam Freud in Istanbul. This encounter with the artist will consist of a conference and a workshop.<\/p>\n<\/div><a href=\"https:\/\/psikeistanbul.org\/en\/event\/the-authority-of-the-object-jane-mcadam-freud-conference-and-workshop-september-2017\/\" class=\"ect-events-read-more\" rel=\"bookmark\">Devam\u0131<\/a><\/div><\/div><\/div><!-- right-wrapper close --><\/div><!-- event-loop-end --><div id=\"event-100006720\" class=\"ect-list-post style-1 ect-simple-event all\"><div class=\"ect-list-post-left \">\n\t\t\t\t<div class=\"ect-list-img\" style=\"background-image:url(&#039;https:\/\/psikeistanbul.org\/wp-content\/uploads\/2022\/12\/miro-ssm-banner-750x390_01.jpg&#039;);background-size:cover;\"><a href=\"https:\/\/psikeistanbul.org\/en\/event\/the-birth-of-a-secret-language-joan-miro-women-birds-stars-february-2015\/\" alt=\"The Birth of a Secret Language -Joan MIRO \u201cWOMEN, BIRDS, STARS\u201d &#8211; February 2015\" rel=\"bookmark\"><div class=\"ect-list-date\"><div class=\"ect-date-area default-schedule\"><span class=\"ev-day\">01<\/span>\n\t\t\t\t\t<span class=\"ev-mo\">February<\/span>\n\t\t\t\t\t<span class=\"ev-yr\">2015<\/span><\/div><\/div><\/a><div class=\"ect-share-wrapper\"><i class=\"ect-icon-share\"><\/i><div class=\"ect-social-share-list\"><a class=\"ect-share-link\" href=\"https:\/\/www.facebook.com\/sharer\/sharer.php?u=https:\/\/psikeistanbul.org\/en\/event\/the-birth-of-a-secret-language-joan-miro-women-birds-stars-february-2015\/\" target=\"_blank\" title=\"Facebook\"><i class=\"ect-icon-facebook\"><\/i><\/a><a class=\"ect-share-link\" href=\"https:\/\/twitter.com\/intent\/tweet?text=the-birth-of-a-secret-language-joan-miro-women-birds-stars-february-2015&#038;url=https:\/\/psikeistanbul.org\/en\/event\/the-birth-of-a-secret-language-joan-miro-women-birds-stars-february-2015\/\" target=\"_blank\" title=\"Twitter\"><i class=\"ect-icon-twitter\"><\/i><\/a><a class=\"ect-share-link\" href=\"http:\/\/www.linkedin.com\/shareArticle?mini=true&#038;url=https:\/\/psikeistanbul.org\/en\/event\/the-birth-of-a-secret-language-joan-miro-women-birds-stars-february-2015\/\" target=\"_blank\" title=\"Linkedin\"><i class=\"ect-icon-linkedin\"><\/i><\/a><a class=\"ect-email\" href=\"mailto:?Subject=the-birth-of-a-secret-language-joan-miro-women-birds-stars-february-2015&#038;Body=https:\/\/psikeistanbul.org\/en\/event\/the-birth-of-a-secret-language-joan-miro-women-birds-stars-february-2015\/\"><i class=\"ect-icon-mail\"><\/i><\/a><a class=\"ect-share-link\" href=\"https:\/\/web.whatsapp.com\/send\/?text=the-birth-of-a-secret-language-joan-miro-women-birds-stars-february-2015%20https:\/\/psikeistanbul.org\/en\/event\/the-birth-of-a-secret-language-joan-miro-women-birds-stars-february-2015\/\" target=\"_blank\" title=\"WhatsApp\"><i class=\"ect-icon-whatsapp\"><\/i><\/a><\/div><\/div><\/div><\/div><!-- left-post close --><div class=\"ect-list-post-right\">\n\t\t\t\t<div class=\"ect-list-post-right-table\"><div class=\"ect-list-description\" style=\"width:100%;\"><h2 class=\"ect-list-title\"><a class=\"ect-event-url\" href=\"https:\/\/psikeistanbul.org\/en\/event\/the-birth-of-a-secret-language-joan-miro-women-birds-stars-february-2015\/\" rel=\"bookmark\">The Birth of a Secret Language -Joan MIRO \u201cWOMEN, BIRDS, STARS\u201d &#8211; February 2015<\/a><\/h2><!-- Event Content --><div class=\"ect-event-content\"><p>Where do women, birds and stars come from? Are they from the land, the sky, or the land Mir\u00f3\u2019s poetry was born in? Was there only a spot of paint in the beginning?<\/p>\n<\/div><a href=\"https:\/\/psikeistanbul.org\/en\/event\/the-birth-of-a-secret-language-joan-miro-women-birds-stars-february-2015\/\" class=\"ect-events-read-more\" rel=\"bookmark\">Devam\u0131<\/a><\/div><\/div><\/div><!-- right-wrapper close --><\/div><!-- event-loop-end --><div id=\"event-100006718\" class=\"ect-list-post style-1 ect-simple-event all\"><div class=\"ect-list-post-left \">\n\t\t\t\t<div class=\"ect-list-img\" style=\"background-image:url(&#039;https:\/\/psikeistanbul.org\/wp-content\/plugins\/template-events-calendar\/assets\/images\/event-template-bg.png&#039;);background-size:cover;\"><a href=\"https:\/\/psikeistanbul.org\/en\/event\/looking-at-the-darkness-within-us-through-the-works-of-anish-kapoor-january-2014\/\" alt=\"&#8216;Looking at the Darkness Within Us Through the Works of ANISH KAPOOR&#8217; -January 2014\" rel=\"bookmark\"><div class=\"ect-list-date\"><div class=\"ect-date-area default-schedule\"><span class=\"ev-day\">01<\/span>\n\t\t\t\t\t<span class=\"ev-mo\">January<\/span>\n\t\t\t\t\t<span class=\"ev-yr\">2014<\/span><\/div><\/div><\/a><div class=\"ect-share-wrapper\"><i class=\"ect-icon-share\"><\/i><div class=\"ect-social-share-list\"><a class=\"ect-share-link\" href=\"https:\/\/www.facebook.com\/sharer\/sharer.php?u=https:\/\/psikeistanbul.org\/en\/event\/looking-at-the-darkness-within-us-through-the-works-of-anish-kapoor-january-2014\/\" target=\"_blank\" title=\"Facebook\"><i class=\"ect-icon-facebook\"><\/i><\/a><a class=\"ect-share-link\" href=\"https:\/\/twitter.com\/intent\/tweet?text=looking-at-the-darkness-within-us-through-the-works-of-anish-kapoor-january-2014&#038;url=https:\/\/psikeistanbul.org\/en\/event\/looking-at-the-darkness-within-us-through-the-works-of-anish-kapoor-january-2014\/\" target=\"_blank\" title=\"Twitter\"><i class=\"ect-icon-twitter\"><\/i><\/a><a class=\"ect-share-link\" href=\"http:\/\/www.linkedin.com\/shareArticle?mini=true&#038;url=https:\/\/psikeistanbul.org\/en\/event\/looking-at-the-darkness-within-us-through-the-works-of-anish-kapoor-january-2014\/\" target=\"_blank\" title=\"Linkedin\"><i class=\"ect-icon-linkedin\"><\/i><\/a><a class=\"ect-email\" href=\"mailto:?Subject=looking-at-the-darkness-within-us-through-the-works-of-anish-kapoor-january-2014&#038;Body=https:\/\/psikeistanbul.org\/en\/event\/looking-at-the-darkness-within-us-through-the-works-of-anish-kapoor-january-2014\/\"><i class=\"ect-icon-mail\"><\/i><\/a><a class=\"ect-share-link\" href=\"https:\/\/web.whatsapp.com\/send\/?text=looking-at-the-darkness-within-us-through-the-works-of-anish-kapoor-january-2014%20https:\/\/psikeistanbul.org\/en\/event\/looking-at-the-darkness-within-us-through-the-works-of-anish-kapoor-january-2014\/\" target=\"_blank\" title=\"WhatsApp\"><i class=\"ect-icon-whatsapp\"><\/i><\/a><\/div><\/div><\/div><\/div><!-- left-post close --><div class=\"ect-list-post-right\">\n\t\t\t\t<div class=\"ect-list-post-right-table\"><div class=\"ect-list-description\" style=\"width:100%;\"><h2 class=\"ect-list-title\"><a class=\"ect-event-url\" href=\"https:\/\/psikeistanbul.org\/en\/event\/looking-at-the-darkness-within-us-through-the-works-of-anish-kapoor-january-2014\/\" rel=\"bookmark\">&#8216;Looking at the Darkness Within Us Through the Works of ANISH KAPOOR&#8217; -January 2014<\/a><\/h2><!-- Event Content --><div class=\"ect-event-content\"><p>\"One of the things I v worked a lot is darkness within us. I m talking about the inner self and its links to Freud and its links to the uncanny, that half known that lurks in the black.\"<\/p>\n<\/div><a href=\"https:\/\/psikeistanbul.org\/en\/event\/looking-at-the-darkness-within-us-through-the-works-of-anish-kapoor-january-2014\/\" class=\"ect-events-read-more\" rel=\"bookmark\">Devam\u0131<\/a><\/div><\/div><\/div><!-- right-wrapper close --><\/div><!-- event-loop-end --><div id=\"event-100006716\" class=\"ect-list-post style-1 ect-simple-event all\"><div class=\"ect-list-post-left \">\n\t\t\t\t<div class=\"ect-list-img\" style=\"background-image:url(&#039;https:\/\/psikeistanbul.org\/wp-content\/uploads\/2022\/12\/sophiecalle1.jpg&#039;);background-size:cover;\"><a href=\"https:\/\/psikeistanbul.org\/en\/event\/the-first-time-the-last-time-sophie-calle-december-4th-2013\/\" alt=\"&#8216;The First Time, The Last Time&#8217;, Sophie CALLE, December 4th 2013\" rel=\"bookmark\"><div class=\"ect-list-date\"><div class=\"ect-date-area default-schedule\"><span class=\"ev-day\">01<\/span>\n\t\t\t\t\t<span class=\"ev-mo\">December<\/span>\n\t\t\t\t\t<span class=\"ev-yr\">2013<\/span><\/div><\/div><\/a><div class=\"ect-share-wrapper\"><i class=\"ect-icon-share\"><\/i><div class=\"ect-social-share-list\"><a class=\"ect-share-link\" href=\"https:\/\/www.facebook.com\/sharer\/sharer.php?u=https:\/\/psikeistanbul.org\/en\/event\/the-first-time-the-last-time-sophie-calle-december-4th-2013\/\" target=\"_blank\" title=\"Facebook\"><i class=\"ect-icon-facebook\"><\/i><\/a><a class=\"ect-share-link\" href=\"https:\/\/twitter.com\/intent\/tweet?text=the-first-time-the-last-time-sophie-calle-december-4th-2013&#038;url=https:\/\/psikeistanbul.org\/en\/event\/the-first-time-the-last-time-sophie-calle-december-4th-2013\/\" target=\"_blank\" title=\"Twitter\"><i class=\"ect-icon-twitter\"><\/i><\/a><a class=\"ect-share-link\" href=\"http:\/\/www.linkedin.com\/shareArticle?mini=true&#038;url=https:\/\/psikeistanbul.org\/en\/event\/the-first-time-the-last-time-sophie-calle-december-4th-2013\/\" target=\"_blank\" title=\"Linkedin\"><i class=\"ect-icon-linkedin\"><\/i><\/a><a class=\"ect-email\" href=\"mailto:?Subject=the-first-time-the-last-time-sophie-calle-december-4th-2013&#038;Body=https:\/\/psikeistanbul.org\/en\/event\/the-first-time-the-last-time-sophie-calle-december-4th-2013\/\"><i class=\"ect-icon-mail\"><\/i><\/a><a class=\"ect-share-link\" href=\"https:\/\/web.whatsapp.com\/send\/?text=the-first-time-the-last-time-sophie-calle-december-4th-2013%20https:\/\/psikeistanbul.org\/en\/event\/the-first-time-the-last-time-sophie-calle-december-4th-2013\/\" target=\"_blank\" title=\"WhatsApp\"><i class=\"ect-icon-whatsapp\"><\/i><\/a><\/div><\/div><\/div><\/div><!-- left-post close --><div class=\"ect-list-post-right\">\n\t\t\t\t<div class=\"ect-list-post-right-table\"><div class=\"ect-list-description\" style=\"width:100%;\"><h2 class=\"ect-list-title\"><a class=\"ect-event-url\" href=\"https:\/\/psikeistanbul.org\/en\/event\/the-first-time-the-last-time-sophie-calle-december-4th-2013\/\" rel=\"bookmark\">&#8216;The First Time, The Last Time&#8217;, Sophie CALLE, December 4th 2013<\/a><\/h2><!-- Event Content --><div class=\"ect-event-content\"><\/div><a href=\"https:\/\/psikeistanbul.org\/en\/event\/the-first-time-the-last-time-sophie-calle-december-4th-2013\/\" class=\"ect-events-read-more\" rel=\"bookmark\">Devam\u0131<\/a><\/div><\/div><\/div><!-- right-wrapper close --><\/div><!-- event-loop-end --><\/div><\/div>\n","protected":false},"excerpt":{"rendered":"<p>The outreach comittee holds panels around the work of various artists at the Sabanci Museum in Istanbul. The discussions and presentations\u00a0 use the work of the artist in order to<\/p>\n","protected":false},"author":1,"featured_media":100008376,"parent":0,"menu_order":0,"comment_status":"closed","ping_status":"closed","template":"","meta":{"footnotes":""},"class_list":["post-100008374","page","type-page","status-publish","has-post-thumbnail","hentry","cat_psychoanalysis-and-the-artist"],"yoast_head":"<!-- This site is optimized with the Yoast SEO plugin v27.3 - https:\/\/yoast.com\/product\/yoast-seo-wordpress\/ -->\n<title>Psychoanalysis and The Artist - Psike \u0130stanbul<\/title>\n<meta name=\"robots\" content=\"index, follow, max-snippet:-1, max-image-preview:large, max-video-preview:-1\" \/>\n<link rel=\"canonical\" href=\"https:\/\/psikeistanbul.org\/en\/psychoanalysis-and-the-artist\/\" \/>\n<meta property=\"og:locale\" content=\"en_US\" \/>\n<meta property=\"og:type\" content=\"article\" \/>\n<meta property=\"og:title\" content=\"Psychoanalysis and The Artist - Psike \u0130stanbul\" \/>\n<meta property=\"og:description\" content=\"The outreach comittee holds panels around the work of various artists at the Sabanci Museum in Istanbul. The discussions and presentations\u00a0 use the work of the artist in order to\" \/>\n<meta property=\"og:url\" content=\"https:\/\/psikeistanbul.org\/en\/psychoanalysis-and-the-artist\/\" \/>\n<meta property=\"og:site_name\" content=\"Psike \u0130stanbul\" \/>\n<meta property=\"article:modified_time\" content=\"2023-02-28T14:15:27+00:00\" \/>\n<meta property=\"og:image\" content=\"https:\/\/psikeistanbul.org\/wp-content\/uploads\/2023\/02\/sabanci1.jpg\" \/>\n\t<meta property=\"og:image:width\" content=\"67\" \/>\n\t<meta property=\"og:image:height\" content=\"50\" \/>\n\t<meta property=\"og:image:type\" content=\"image\/jpeg\" \/>\n<meta name=\"twitter:card\" content=\"summary_large_image\" \/>\n<script type=\"application\/ld+json\" class=\"yoast-schema-graph\">{\"@context\":\"https:\\\/\\\/schema.org\",\"@graph\":[{\"@type\":\"WebPage\",\"@id\":\"https:\\\/\\\/psikeistanbul.org\\\/en\\\/psychoanalysis-and-the-artist\\\/\",\"url\":\"https:\\\/\\\/psikeistanbul.org\\\/en\\\/psychoanalysis-and-the-artist\\\/\",\"name\":\"Psychoanalysis and The Artist - Psike \u0130stanbul\",\"isPartOf\":{\"@id\":\"https:\\\/\\\/psikeistanbul.org\\\/#website\"},\"primaryImageOfPage\":{\"@id\":\"https:\\\/\\\/psikeistanbul.org\\\/en\\\/psychoanalysis-and-the-artist\\\/#primaryimage\"},\"image\":{\"@id\":\"https:\\\/\\\/psikeistanbul.org\\\/en\\\/psychoanalysis-and-the-artist\\\/#primaryimage\"},\"thumbnailUrl\":\"https:\\\/\\\/psikeistanbul.org\\\/wp-content\\\/uploads\\\/2023\\\/02\\\/sabanci1.jpg\",\"datePublished\":\"2023-02-28T14:14:02+00:00\",\"dateModified\":\"2023-02-28T14:15:27+00:00\",\"breadcrumb\":{\"@id\":\"https:\\\/\\\/psikeistanbul.org\\\/en\\\/psychoanalysis-and-the-artist\\\/#breadcrumb\"},\"inLanguage\":\"en-US\",\"potentialAction\":[{\"@type\":\"ReadAction\",\"target\":[\"https:\\\/\\\/psikeistanbul.org\\\/en\\\/psychoanalysis-and-the-artist\\\/\"]}]},{\"@type\":\"ImageObject\",\"inLanguage\":\"en-US\",\"@id\":\"https:\\\/\\\/psikeistanbul.org\\\/en\\\/psychoanalysis-and-the-artist\\\/#primaryimage\",\"url\":\"https:\\\/\\\/psikeistanbul.org\\\/wp-content\\\/uploads\\\/2023\\\/02\\\/sabanci1.jpg\",\"contentUrl\":\"https:\\\/\\\/psikeistanbul.org\\\/wp-content\\\/uploads\\\/2023\\\/02\\\/sabanci1.jpg\",\"width\":67,\"height\":50},{\"@type\":\"BreadcrumbList\",\"@id\":\"https:\\\/\\\/psikeistanbul.org\\\/en\\\/psychoanalysis-and-the-artist\\\/#breadcrumb\",\"itemListElement\":[{\"@type\":\"ListItem\",\"position\":1,\"name\":\"Anasayfa\",\"item\":\"https:\\\/\\\/psikeistanbul.org\\\/en\\\/\"},{\"@type\":\"ListItem\",\"position\":2,\"name\":\"Psychoanalysis and The Artist\"}]},{\"@type\":\"WebSite\",\"@id\":\"https:\\\/\\\/psikeistanbul.org\\\/#website\",\"url\":\"https:\\\/\\\/psikeistanbul.org\\\/\",\"name\":\"Psike \u0130stanbul\",\"description\":\"\u0130stanbul Psikanaliz E\u011fitim, Ara\u015ft\u0131rma ve Geli\u015ftirme Derne\u011fi\",\"publisher\":{\"@id\":\"https:\\\/\\\/psikeistanbul.org\\\/#organization\"},\"potentialAction\":[{\"@type\":\"SearchAction\",\"target\":{\"@type\":\"EntryPoint\",\"urlTemplate\":\"https:\\\/\\\/psikeistanbul.org\\\/?s={search_term_string}\"},\"query-input\":{\"@type\":\"PropertyValueSpecification\",\"valueRequired\":true,\"valueName\":\"search_term_string\"}}],\"inLanguage\":\"en-US\"},{\"@type\":\"Organization\",\"@id\":\"https:\\\/\\\/psikeistanbul.org\\\/#organization\",\"name\":\"Psike \u0130stanbul\",\"url\":\"https:\\\/\\\/psikeistanbul.org\\\/\",\"logo\":{\"@type\":\"ImageObject\",\"inLanguage\":\"en-US\",\"@id\":\"https:\\\/\\\/psikeistanbul.org\\\/#\\\/schema\\\/logo\\\/image\\\/\",\"url\":\"https:\\\/\\\/psikeistanbul.org\\\/wp-content\\\/uploads\\\/2024\\\/05\\\/Psike-logo-tr-1.jpg\",\"contentUrl\":\"https:\\\/\\\/psikeistanbul.org\\\/wp-content\\\/uploads\\\/2024\\\/05\\\/Psike-logo-tr-1.jpg\",\"width\":528,\"height\":448,\"caption\":\"Psike \u0130stanbul\"},\"image\":{\"@id\":\"https:\\\/\\\/psikeistanbul.org\\\/#\\\/schema\\\/logo\\\/image\\\/\"}}]}<\/script>\n<!-- \/ Yoast SEO plugin. -->","yoast_head_json":{"title":"Psychoanalysis and The Artist - Psike \u0130stanbul","robots":{"index":"index","follow":"follow","max-snippet":"max-snippet:-1","max-image-preview":"max-image-preview:large","max-video-preview":"max-video-preview:-1"},"canonical":"https:\/\/psikeistanbul.org\/en\/psychoanalysis-and-the-artist\/","og_locale":"en_US","og_type":"article","og_title":"Psychoanalysis and The Artist - Psike \u0130stanbul","og_description":"The outreach comittee holds panels around the work of various artists at the Sabanci Museum in Istanbul. The discussions and presentations\u00a0 use the work of the artist in order to","og_url":"https:\/\/psikeistanbul.org\/en\/psychoanalysis-and-the-artist\/","og_site_name":"Psike \u0130stanbul","article_modified_time":"2023-02-28T14:15:27+00:00","og_image":[{"width":67,"height":50,"url":"https:\/\/psikeistanbul.org\/wp-content\/uploads\/2023\/02\/sabanci1.jpg","type":"image\/jpeg"}],"twitter_card":"summary_large_image","schema":{"@context":"https:\/\/schema.org","@graph":[{"@type":"WebPage","@id":"https:\/\/psikeistanbul.org\/en\/psychoanalysis-and-the-artist\/","url":"https:\/\/psikeistanbul.org\/en\/psychoanalysis-and-the-artist\/","name":"Psychoanalysis and The Artist - Psike \u0130stanbul","isPartOf":{"@id":"https:\/\/psikeistanbul.org\/#website"},"primaryImageOfPage":{"@id":"https:\/\/psikeistanbul.org\/en\/psychoanalysis-and-the-artist\/#primaryimage"},"image":{"@id":"https:\/\/psikeistanbul.org\/en\/psychoanalysis-and-the-artist\/#primaryimage"},"thumbnailUrl":"https:\/\/psikeistanbul.org\/wp-content\/uploads\/2023\/02\/sabanci1.jpg","datePublished":"2023-02-28T14:14:02+00:00","dateModified":"2023-02-28T14:15:27+00:00","breadcrumb":{"@id":"https:\/\/psikeistanbul.org\/en\/psychoanalysis-and-the-artist\/#breadcrumb"},"inLanguage":"en-US","potentialAction":[{"@type":"ReadAction","target":["https:\/\/psikeistanbul.org\/en\/psychoanalysis-and-the-artist\/"]}]},{"@type":"ImageObject","inLanguage":"en-US","@id":"https:\/\/psikeistanbul.org\/en\/psychoanalysis-and-the-artist\/#primaryimage","url":"https:\/\/psikeistanbul.org\/wp-content\/uploads\/2023\/02\/sabanci1.jpg","contentUrl":"https:\/\/psikeistanbul.org\/wp-content\/uploads\/2023\/02\/sabanci1.jpg","width":67,"height":50},{"@type":"BreadcrumbList","@id":"https:\/\/psikeistanbul.org\/en\/psychoanalysis-and-the-artist\/#breadcrumb","itemListElement":[{"@type":"ListItem","position":1,"name":"Anasayfa","item":"https:\/\/psikeistanbul.org\/en\/"},{"@type":"ListItem","position":2,"name":"Psychoanalysis and The Artist"}]},{"@type":"WebSite","@id":"https:\/\/psikeistanbul.org\/#website","url":"https:\/\/psikeistanbul.org\/","name":"Psike \u0130stanbul","description":"\u0130stanbul Psikanaliz E\u011fitim, Ara\u015ft\u0131rma ve Geli\u015ftirme Derne\u011fi","publisher":{"@id":"https:\/\/psikeistanbul.org\/#organization"},"potentialAction":[{"@type":"SearchAction","target":{"@type":"EntryPoint","urlTemplate":"https:\/\/psikeistanbul.org\/?s={search_term_string}"},"query-input":{"@type":"PropertyValueSpecification","valueRequired":true,"valueName":"search_term_string"}}],"inLanguage":"en-US"},{"@type":"Organization","@id":"https:\/\/psikeistanbul.org\/#organization","name":"Psike \u0130stanbul","url":"https:\/\/psikeistanbul.org\/","logo":{"@type":"ImageObject","inLanguage":"en-US","@id":"https:\/\/psikeistanbul.org\/#\/schema\/logo\/image\/","url":"https:\/\/psikeistanbul.org\/wp-content\/uploads\/2024\/05\/Psike-logo-tr-1.jpg","contentUrl":"https:\/\/psikeistanbul.org\/wp-content\/uploads\/2024\/05\/Psike-logo-tr-1.jpg","width":528,"height":448,"caption":"Psike \u0130stanbul"},"image":{"@id":"https:\/\/psikeistanbul.org\/#\/schema\/logo\/image\/"}}]}},"_links":{"self":[{"href":"https:\/\/psikeistanbul.org\/en\/wp-json\/wp\/v2\/pages\/100008374","targetHints":{"allow":["GET"]}}],"collection":[{"href":"https:\/\/psikeistanbul.org\/en\/wp-json\/wp\/v2\/pages"}],"about":[{"href":"https:\/\/psikeistanbul.org\/en\/wp-json\/wp\/v2\/types\/page"}],"author":[{"embeddable":true,"href":"https:\/\/psikeistanbul.org\/en\/wp-json\/wp\/v2\/users\/1"}],"replies":[{"embeddable":true,"href":"https:\/\/psikeistanbul.org\/en\/wp-json\/wp\/v2\/comments?post=100008374"}],"version-history":[{"count":0,"href":"https:\/\/psikeistanbul.org\/en\/wp-json\/wp\/v2\/pages\/100008374\/revisions"}],"wp:featuredmedia":[{"embeddable":true,"href":"https:\/\/psikeistanbul.org\/en\/wp-json\/wp\/v2\/media\/100008376"}],"wp:attachment":[{"href":"https:\/\/psikeistanbul.org\/en\/wp-json\/wp\/v2\/media?parent=100008374"}],"curies":[{"name":"wp","href":"https:\/\/api.w.org\/{rel}","templated":true}]}}