{"id":100008351,"date":"2023-02-28T16:27:19","date_gmt":"2023-02-28T13:27:19","guid":{"rendered":"https:\/\/psike2.nevsite.com\/?page_id=100008351"},"modified":"2023-02-28T16:32:10","modified_gmt":"2023-02-28T13:32:10","slug":"psychoanalysis-and-creativity","status":"publish","type":"page","link":"https:\/\/psikeistanbul.org\/en\/psychoanalysis-and-creativity\/","title":{"rendered":"Psychoanalysis and Creativity"},"content":{"rendered":"<p>An interdisciplinary symposium on psychoanalysis, literature, art and philosophy. It is a joint event co-organized by Lyon 2 Lumi\u00e8re University \u201cClinics of Creativity\u201d Network, Galatasaray University and Psike<\/p>\n<!=========Events list Template 2.6.2=========><div id=\"ect-events-list-content\"><div id=\"list-wrp\" class=\"ect-list-wrapper psychoanalysis-and-creativity\"><div id=\"event-100006732\" class=\"ect-list-post style-1 ect-simple-event all\"><div class=\"ect-list-post-left \">\n\t\t\t\t<div class=\"ect-list-img\" style=\"background-image:url(&#039;https:\/\/psikeistanbul.org\/wp-content\/uploads\/2022\/12\/kartpostal.tr1_-1024x817.jpg&#039;);background-size:cover;\"><a href=\"https:\/\/psikeistanbul.org\/en\/event\/psychoanalysis-and-creativity-symposium-2014-narcissism-and-creativity\/\" alt=\"Psychoanalysis and Creativity Symposium 2014: &#8220;Narcissism and Creativity&#8221;\" rel=\"bookmark\"><div class=\"ect-list-date\"><div class=\"ect-date-area default-schedule\"><span class=\"ev-day\">27<\/span>\n\t\t\t\t\t<span class=\"ev-mo\">September<\/span>\n\t\t\t\t\t<span class=\"ev-yr\">2014<\/span><\/div><\/div><\/a><div class=\"ect-share-wrapper\"><i class=\"ect-icon-share\"><\/i><div class=\"ect-social-share-list\"><a class=\"ect-share-link\" href=\"https:\/\/www.facebook.com\/sharer\/sharer.php?u=https:\/\/psikeistanbul.org\/en\/event\/psychoanalysis-and-creativity-symposium-2014-narcissism-and-creativity\/\" target=\"_blank\" title=\"Facebook\"><i class=\"ect-icon-facebook\"><\/i><\/a><a class=\"ect-share-link\" href=\"https:\/\/twitter.com\/intent\/tweet?text=psychoanalysis-and-creativity-symposium-2014-narcissism-and-creativity&#038;url=https:\/\/psikeistanbul.org\/en\/event\/psychoanalysis-and-creativity-symposium-2014-narcissism-and-creativity\/\" target=\"_blank\" title=\"Twitter\"><i class=\"ect-icon-twitter\"><\/i><\/a><a class=\"ect-share-link\" href=\"http:\/\/www.linkedin.com\/shareArticle?mini=true&#038;url=https:\/\/psikeistanbul.org\/en\/event\/psychoanalysis-and-creativity-symposium-2014-narcissism-and-creativity\/\" target=\"_blank\" title=\"Linkedin\"><i class=\"ect-icon-linkedin\"><\/i><\/a><a class=\"ect-email\" href=\"mailto:?Subject=psychoanalysis-and-creativity-symposium-2014-narcissism-and-creativity&#038;Body=https:\/\/psikeistanbul.org\/en\/event\/psychoanalysis-and-creativity-symposium-2014-narcissism-and-creativity\/\"><i class=\"ect-icon-mail\"><\/i><\/a><a class=\"ect-share-link\" href=\"https:\/\/web.whatsapp.com\/send\/?text=psychoanalysis-and-creativity-symposium-2014-narcissism-and-creativity%20https:\/\/psikeistanbul.org\/en\/event\/psychoanalysis-and-creativity-symposium-2014-narcissism-and-creativity\/\" target=\"_blank\" title=\"WhatsApp\"><i class=\"ect-icon-whatsapp\"><\/i><\/a><\/div><\/div><\/div><\/div><!-- left-post close --><div class=\"ect-list-post-right\">\n\t\t\t\t<div class=\"ect-list-post-right-table\"><div class=\"ect-list-description\" style=\"width:100%;\"><h2 class=\"ect-list-title\"><a class=\"ect-event-url\" href=\"https:\/\/psikeistanbul.org\/en\/event\/psychoanalysis-and-creativity-symposium-2014-narcissism-and-creativity\/\" rel=\"bookmark\">Psychoanalysis and Creativity Symposium 2014: &#8220;Narcissism and Creativity&#8221;<\/a><\/h2><!-- Event Content --><div class=\"ect-event-content\"><p>The symposium on \u201cNarcissism and Creativity\u201d had been organized on 27 - 28 September 2014 at Galatasaray University Auditorium Ortak\u00f6y, \u0130stanbul, Turkey.<\/p>\n<\/div><a href=\"https:\/\/psikeistanbul.org\/en\/event\/psychoanalysis-and-creativity-symposium-2014-narcissism-and-creativity\/\" class=\"ect-events-read-more\" rel=\"bookmark\">Devam\u0131<\/a><\/div><\/div><\/div><!-- right-wrapper close --><\/div><!-- event-loop-end --><div id=\"event-100006734\" class=\"ect-list-post style-1 ect-simple-event all\"><div class=\"ect-list-post-left \">\n\t\t\t\t<div class=\"ect-list-img\" style=\"background-image:url(&#039;https:\/\/psikeistanbul.org\/wp-content\/uploads\/2022\/12\/10622886_342155922608721_5679563255251444451_n1.jpg&#039;);background-size:cover;\"><a href=\"https:\/\/psikeistanbul.org\/en\/event\/psychoanalysis-and-creativitiy-symposium-2012-creativity-and-the-strange\/\" alt=\"Psychoanalysis and Creativitiy Symposium 2012: &#8216;Creativity and the Strange&#8217;\" rel=\"bookmark\"><div class=\"ect-list-date\"><div class=\"ect-date-area default-schedule\"><span class=\"ev-day\">28<\/span>\n\t\t\t\t\t<span class=\"ev-mo\">September<\/span>\n\t\t\t\t\t<span class=\"ev-yr\">2012<\/span><\/div><\/div><\/a><div class=\"ect-share-wrapper\"><i class=\"ect-icon-share\"><\/i><div class=\"ect-social-share-list\"><a class=\"ect-share-link\" href=\"https:\/\/www.facebook.com\/sharer\/sharer.php?u=https:\/\/psikeistanbul.org\/en\/event\/psychoanalysis-and-creativitiy-symposium-2012-creativity-and-the-strange\/\" target=\"_blank\" title=\"Facebook\"><i class=\"ect-icon-facebook\"><\/i><\/a><a class=\"ect-share-link\" href=\"https:\/\/twitter.com\/intent\/tweet?text=psychoanalysis-and-creativitiy-symposium-2012-creativity-and-the-strange&#038;url=https:\/\/psikeistanbul.org\/en\/event\/psychoanalysis-and-creativitiy-symposium-2012-creativity-and-the-strange\/\" target=\"_blank\" title=\"Twitter\"><i class=\"ect-icon-twitter\"><\/i><\/a><a class=\"ect-share-link\" href=\"http:\/\/www.linkedin.com\/shareArticle?mini=true&#038;url=https:\/\/psikeistanbul.org\/en\/event\/psychoanalysis-and-creativitiy-symposium-2012-creativity-and-the-strange\/\" target=\"_blank\" title=\"Linkedin\"><i class=\"ect-icon-linkedin\"><\/i><\/a><a class=\"ect-email\" href=\"mailto:?Subject=psychoanalysis-and-creativitiy-symposium-2012-creativity-and-the-strange&#038;Body=https:\/\/psikeistanbul.org\/en\/event\/psychoanalysis-and-creativitiy-symposium-2012-creativity-and-the-strange\/\"><i class=\"ect-icon-mail\"><\/i><\/a><a class=\"ect-share-link\" href=\"https:\/\/web.whatsapp.com\/send\/?text=psychoanalysis-and-creativitiy-symposium-2012-creativity-and-the-strange%20https:\/\/psikeistanbul.org\/en\/event\/psychoanalysis-and-creativitiy-symposium-2012-creativity-and-the-strange\/\" target=\"_blank\" title=\"WhatsApp\"><i class=\"ect-icon-whatsapp\"><\/i><\/a><\/div><\/div><\/div><\/div><!-- left-post close --><div class=\"ect-list-post-right\">\n\t\t\t\t<div class=\"ect-list-post-right-table\"><div class=\"ect-list-description\" style=\"width:100%;\"><h2 class=\"ect-list-title\"><a class=\"ect-event-url\" href=\"https:\/\/psikeistanbul.org\/en\/event\/psychoanalysis-and-creativitiy-symposium-2012-creativity-and-the-strange\/\" rel=\"bookmark\">Psychoanalysis and Creativitiy Symposium 2012: &#8216;Creativity and the Strange&#8217;<\/a><\/h2><!-- Event Content --><div class=\"ect-event-content\"><p>The symposium on \u201cCreativity and the Strange\u201d had been organized on 28 - 29 September 2012 at Galatasaray University Auditorium Ortak\u00f6y, \u0130stanbul, Turkey.<\/p>\n<\/div><a href=\"https:\/\/psikeistanbul.org\/en\/event\/psychoanalysis-and-creativitiy-symposium-2012-creativity-and-the-strange\/\" class=\"ect-events-read-more\" rel=\"bookmark\">Devam\u0131<\/a><\/div><\/div><\/div><!-- right-wrapper close --><\/div><!-- event-loop-end --><\/div><\/div>\n","protected":false},"excerpt":{"rendered":"<p>An interdisciplinary symposium on psychoanalysis, literature, art and philosophy. It is a joint event co-organized by Lyon 2 Lumi\u00e8re University \u201cClinics of Creativity\u201d Network, Galatasaray University and Psike<\/p>\n","protected":false},"author":1,"featured_media":0,"parent":0,"menu_order":0,"comment_status":"closed","ping_status":"closed","template":"","meta":{"footnotes":""},"class_list":["post-100008351","page","type-page","status-publish","hentry","cat_psychoanalysis-and-creativity"],"yoast_head":"<!-- This site is optimized with the Yoast SEO plugin v27.3 - https:\/\/yoast.com\/product\/yoast-seo-wordpress\/ -->\n<title>Psychoanalysis and Creativity - Psike \u0130stanbul<\/title>\n<meta name=\"robots\" content=\"index, follow, max-snippet:-1, max-image-preview:large, max-video-preview:-1\" \/>\n<link rel=\"canonical\" href=\"https:\/\/psikeistanbul.org\/en\/psychoanalysis-and-creativity\/\" \/>\n<meta property=\"og:locale\" content=\"en_US\" \/>\n<meta property=\"og:type\" content=\"article\" \/>\n<meta property=\"og:title\" content=\"Psychoanalysis and Creativity - Psike \u0130stanbul\" \/>\n<meta property=\"og:description\" content=\"An interdisciplinary symposium on psychoanalysis, literature, art and philosophy. It is a joint event co-organized by Lyon 2 Lumi\u00e8re University \u201cClinics of Creativity\u201d Network, Galatasaray University and Psike\" \/>\n<meta property=\"og:url\" content=\"https:\/\/psikeistanbul.org\/en\/psychoanalysis-and-creativity\/\" \/>\n<meta property=\"og:site_name\" content=\"Psike \u0130stanbul\" \/>\n<meta property=\"article:modified_time\" content=\"2023-02-28T13:32:10+00:00\" \/>\n<meta name=\"twitter:card\" content=\"summary_large_image\" \/>\n<script type=\"application\/ld+json\" class=\"yoast-schema-graph\">{\"@context\":\"https:\\\/\\\/schema.org\",\"@graph\":[{\"@type\":\"WebPage\",\"@id\":\"https:\\\/\\\/psikeistanbul.org\\\/en\\\/psychoanalysis-and-creativity\\\/\",\"url\":\"https:\\\/\\\/psikeistanbul.org\\\/en\\\/psychoanalysis-and-creativity\\\/\",\"name\":\"Psychoanalysis and Creativity - Psike \u0130stanbul\",\"isPartOf\":{\"@id\":\"https:\\\/\\\/psikeistanbul.org\\\/#website\"},\"datePublished\":\"2023-02-28T13:27:19+00:00\",\"dateModified\":\"2023-02-28T13:32:10+00:00\",\"breadcrumb\":{\"@id\":\"https:\\\/\\\/psikeistanbul.org\\\/en\\\/psychoanalysis-and-creativity\\\/#breadcrumb\"},\"inLanguage\":\"en-US\",\"potentialAction\":[{\"@type\":\"ReadAction\",\"target\":[\"https:\\\/\\\/psikeistanbul.org\\\/en\\\/psychoanalysis-and-creativity\\\/\"]}]},{\"@type\":\"BreadcrumbList\",\"@id\":\"https:\\\/\\\/psikeistanbul.org\\\/en\\\/psychoanalysis-and-creativity\\\/#breadcrumb\",\"itemListElement\":[{\"@type\":\"ListItem\",\"position\":1,\"name\":\"Anasayfa\",\"item\":\"https:\\\/\\\/psikeistanbul.org\\\/en\\\/\"},{\"@type\":\"ListItem\",\"position\":2,\"name\":\"Psychoanalysis and Creativity\"}]},{\"@type\":\"WebSite\",\"@id\":\"https:\\\/\\\/psikeistanbul.org\\\/#website\",\"url\":\"https:\\\/\\\/psikeistanbul.org\\\/\",\"name\":\"Psike \u0130stanbul\",\"description\":\"\u0130stanbul Psikanaliz E\u011fitim, Ara\u015ft\u0131rma ve Geli\u015ftirme Derne\u011fi\",\"publisher\":{\"@id\":\"https:\\\/\\\/psikeistanbul.org\\\/#organization\"},\"potentialAction\":[{\"@type\":\"SearchAction\",\"target\":{\"@type\":\"EntryPoint\",\"urlTemplate\":\"https:\\\/\\\/psikeistanbul.org\\\/?s={search_term_string}\"},\"query-input\":{\"@type\":\"PropertyValueSpecification\",\"valueRequired\":true,\"valueName\":\"search_term_string\"}}],\"inLanguage\":\"en-US\"},{\"@type\":\"Organization\",\"@id\":\"https:\\\/\\\/psikeistanbul.org\\\/#organization\",\"name\":\"Psike \u0130stanbul\",\"url\":\"https:\\\/\\\/psikeistanbul.org\\\/\",\"logo\":{\"@type\":\"ImageObject\",\"inLanguage\":\"en-US\",\"@id\":\"https:\\\/\\\/psikeistanbul.org\\\/#\\\/schema\\\/logo\\\/image\\\/\",\"url\":\"https:\\\/\\\/psikeistanbul.org\\\/wp-content\\\/uploads\\\/2024\\\/05\\\/Psike-logo-tr-1.jpg\",\"contentUrl\":\"https:\\\/\\\/psikeistanbul.org\\\/wp-content\\\/uploads\\\/2024\\\/05\\\/Psike-logo-tr-1.jpg\",\"width\":528,\"height\":448,\"caption\":\"Psike \u0130stanbul\"},\"image\":{\"@id\":\"https:\\\/\\\/psikeistanbul.org\\\/#\\\/schema\\\/logo\\\/image\\\/\"}}]}<\/script>\n<!-- \/ Yoast SEO plugin. -->","yoast_head_json":{"title":"Psychoanalysis and Creativity - Psike \u0130stanbul","robots":{"index":"index","follow":"follow","max-snippet":"max-snippet:-1","max-image-preview":"max-image-preview:large","max-video-preview":"max-video-preview:-1"},"canonical":"https:\/\/psikeistanbul.org\/en\/psychoanalysis-and-creativity\/","og_locale":"en_US","og_type":"article","og_title":"Psychoanalysis and Creativity - Psike \u0130stanbul","og_description":"An interdisciplinary symposium on psychoanalysis, literature, art and philosophy. It is a joint event co-organized by Lyon 2 Lumi\u00e8re University \u201cClinics of Creativity\u201d Network, Galatasaray University and Psike","og_url":"https:\/\/psikeistanbul.org\/en\/psychoanalysis-and-creativity\/","og_site_name":"Psike \u0130stanbul","article_modified_time":"2023-02-28T13:32:10+00:00","twitter_card":"summary_large_image","schema":{"@context":"https:\/\/schema.org","@graph":[{"@type":"WebPage","@id":"https:\/\/psikeistanbul.org\/en\/psychoanalysis-and-creativity\/","url":"https:\/\/psikeistanbul.org\/en\/psychoanalysis-and-creativity\/","name":"Psychoanalysis and Creativity - Psike \u0130stanbul","isPartOf":{"@id":"https:\/\/psikeistanbul.org\/#website"},"datePublished":"2023-02-28T13:27:19+00:00","dateModified":"2023-02-28T13:32:10+00:00","breadcrumb":{"@id":"https:\/\/psikeistanbul.org\/en\/psychoanalysis-and-creativity\/#breadcrumb"},"inLanguage":"en-US","potentialAction":[{"@type":"ReadAction","target":["https:\/\/psikeistanbul.org\/en\/psychoanalysis-and-creativity\/"]}]},{"@type":"BreadcrumbList","@id":"https:\/\/psikeistanbul.org\/en\/psychoanalysis-and-creativity\/#breadcrumb","itemListElement":[{"@type":"ListItem","position":1,"name":"Anasayfa","item":"https:\/\/psikeistanbul.org\/en\/"},{"@type":"ListItem","position":2,"name":"Psychoanalysis and Creativity"}]},{"@type":"WebSite","@id":"https:\/\/psikeistanbul.org\/#website","url":"https:\/\/psikeistanbul.org\/","name":"Psike \u0130stanbul","description":"\u0130stanbul Psikanaliz E\u011fitim, Ara\u015ft\u0131rma ve Geli\u015ftirme Derne\u011fi","publisher":{"@id":"https:\/\/psikeistanbul.org\/#organization"},"potentialAction":[{"@type":"SearchAction","target":{"@type":"EntryPoint","urlTemplate":"https:\/\/psikeistanbul.org\/?s={search_term_string}"},"query-input":{"@type":"PropertyValueSpecification","valueRequired":true,"valueName":"search_term_string"}}],"inLanguage":"en-US"},{"@type":"Organization","@id":"https:\/\/psikeistanbul.org\/#organization","name":"Psike \u0130stanbul","url":"https:\/\/psikeistanbul.org\/","logo":{"@type":"ImageObject","inLanguage":"en-US","@id":"https:\/\/psikeistanbul.org\/#\/schema\/logo\/image\/","url":"https:\/\/psikeistanbul.org\/wp-content\/uploads\/2024\/05\/Psike-logo-tr-1.jpg","contentUrl":"https:\/\/psikeistanbul.org\/wp-content\/uploads\/2024\/05\/Psike-logo-tr-1.jpg","width":528,"height":448,"caption":"Psike \u0130stanbul"},"image":{"@id":"https:\/\/psikeistanbul.org\/#\/schema\/logo\/image\/"}}]}},"_links":{"self":[{"href":"https:\/\/psikeistanbul.org\/en\/wp-json\/wp\/v2\/pages\/100008351","targetHints":{"allow":["GET"]}}],"collection":[{"href":"https:\/\/psikeistanbul.org\/en\/wp-json\/wp\/v2\/pages"}],"about":[{"href":"https:\/\/psikeistanbul.org\/en\/wp-json\/wp\/v2\/types\/page"}],"author":[{"embeddable":true,"href":"https:\/\/psikeistanbul.org\/en\/wp-json\/wp\/v2\/users\/1"}],"replies":[{"embeddable":true,"href":"https:\/\/psikeistanbul.org\/en\/wp-json\/wp\/v2\/comments?post=100008351"}],"version-history":[{"count":0,"href":"https:\/\/psikeistanbul.org\/en\/wp-json\/wp\/v2\/pages\/100008351\/revisions"}],"wp:attachment":[{"href":"https:\/\/psikeistanbul.org\/en\/wp-json\/wp\/v2\/media?parent=100008351"}],"curies":[{"name":"wp","href":"https:\/\/api.w.org\/{rel}","templated":true}]}}