{"id":100006346,"date":"2022-12-27T14:50:43","date_gmt":"2022-12-27T11:50:43","guid":{"rendered":"https:\/\/psike.nevsite.com\/?page_id=100006346"},"modified":"2023-03-09T10:26:32","modified_gmt":"2023-03-09T07:26:32","slug":"members-of-the-ethics-committee","status":"publish","type":"page","link":"https:\/\/psikeistanbul.org\/en\/members-of-the-ethics-committee\/","title":{"rendered":"Members of The Ethics Committee"},"content":{"rendered":"<p><strong>Bella Habip<\/strong><\/p>\n<p><strong>T&uuml;rkay Demir<\/strong><\/p>\n<p><strong>&Ouml;zay &Ouml;zdemir<\/strong><\/p>\n<p><strong>Nuray T&uuml;rksoy<\/strong><\/p>\n<p><strong>Semra Yal&ccedil;&#305;nkaya<\/strong><\/p>\n<p><strong>Eposta:<\/strong> <a href=\"mailto:etikkurul2023@psikeistanbul.org\">etikkurul2023@psikeistanbul.org<\/a><\/p>\n","protected":false},"excerpt":{"rendered":"<p>Bella Habip T\u00fcrkay Demir \u00d6zay \u00d6zdemir Nuray T\u00fcrksoy Semra Yal\u00e7\u0131nkaya Eposta: etikkurul2023@psikeistanbul.org<\/p>\n","protected":false},"author":1,"featured_media":0,"parent":0,"menu_order":0,"comment_status":"closed","ping_status":"closed","template":"","meta":{"footnotes":""},"class_list":["post-100006346","page","type-page","status-publish","hentry"],"yoast_head":"<!-- This site is optimized with the Yoast SEO plugin v27.3 - https:\/\/yoast.com\/product\/yoast-seo-wordpress\/ -->\n<title>Members of The Ethics Committee - Psike \u0130stanbul<\/title>\n<meta name=\"robots\" content=\"index, follow, max-snippet:-1, max-image-preview:large, max-video-preview:-1\" \/>\n<link rel=\"canonical\" href=\"https:\/\/psikeistanbul.org\/en\/members-of-the-ethics-committee\/\" \/>\n<meta property=\"og:locale\" content=\"en_US\" \/>\n<meta property=\"og:type\" content=\"article\" \/>\n<meta property=\"og:title\" content=\"Members of The Ethics Committee - Psike \u0130stanbul\" \/>\n<meta property=\"og:description\" content=\"Bella Habip T\u00fcrkay Demir \u00d6zay \u00d6zdemir Nuray T\u00fcrksoy Semra Yal\u00e7\u0131nkaya Eposta: etikkurul2023@psikeistanbul.org\" \/>\n<meta property=\"og:url\" content=\"https:\/\/psikeistanbul.org\/en\/members-of-the-ethics-committee\/\" \/>\n<meta property=\"og:site_name\" content=\"Psike \u0130stanbul\" \/>\n<meta property=\"article:modified_time\" content=\"2023-03-09T07:26:32+00:00\" \/>\n<meta name=\"twitter:card\" content=\"summary_large_image\" \/>\n<script type=\"application\/ld+json\" class=\"yoast-schema-graph\">{\"@context\":\"https:\\\/\\\/schema.org\",\"@graph\":[{\"@type\":\"WebPage\",\"@id\":\"https:\\\/\\\/psikeistanbul.org\\\/en\\\/members-of-the-ethics-committee\\\/\",\"url\":\"https:\\\/\\\/psikeistanbul.org\\\/en\\\/members-of-the-ethics-committee\\\/\",\"name\":\"Members of The Ethics Committee - Psike \u0130stanbul\",\"isPartOf\":{\"@id\":\"https:\\\/\\\/psikeistanbul.org\\\/#website\"},\"datePublished\":\"2022-12-27T11:50:43+00:00\",\"dateModified\":\"2023-03-09T07:26:32+00:00\",\"breadcrumb\":{\"@id\":\"https:\\\/\\\/psikeistanbul.org\\\/en\\\/members-of-the-ethics-committee\\\/#breadcrumb\"},\"inLanguage\":\"en-US\",\"potentialAction\":[{\"@type\":\"ReadAction\",\"target\":[\"https:\\\/\\\/psikeistanbul.org\\\/en\\\/members-of-the-ethics-committee\\\/\"]}]},{\"@type\":\"BreadcrumbList\",\"@id\":\"https:\\\/\\\/psikeistanbul.org\\\/en\\\/members-of-the-ethics-committee\\\/#breadcrumb\",\"itemListElement\":[{\"@type\":\"ListItem\",\"position\":1,\"name\":\"Anasayfa\",\"item\":\"https:\\\/\\\/psikeistanbul.org\\\/en\\\/\"},{\"@type\":\"ListItem\",\"position\":2,\"name\":\"Members of The Ethics Committee\"}]},{\"@type\":\"WebSite\",\"@id\":\"https:\\\/\\\/psikeistanbul.org\\\/#website\",\"url\":\"https:\\\/\\\/psikeistanbul.org\\\/\",\"name\":\"Psike \u0130stanbul\",\"description\":\"\u0130stanbul Psikanaliz E\u011fitim, Ara\u015ft\u0131rma ve Geli\u015ftirme Derne\u011fi\",\"publisher\":{\"@id\":\"https:\\\/\\\/psikeistanbul.org\\\/#organization\"},\"potentialAction\":[{\"@type\":\"SearchAction\",\"target\":{\"@type\":\"EntryPoint\",\"urlTemplate\":\"https:\\\/\\\/psikeistanbul.org\\\/?s={search_term_string}\"},\"query-input\":{\"@type\":\"PropertyValueSpecification\",\"valueRequired\":true,\"valueName\":\"search_term_string\"}}],\"inLanguage\":\"en-US\"},{\"@type\":\"Organization\",\"@id\":\"https:\\\/\\\/psikeistanbul.org\\\/#organization\",\"name\":\"Psike \u0130stanbul\",\"url\":\"https:\\\/\\\/psikeistanbul.org\\\/\",\"logo\":{\"@type\":\"ImageObject\",\"inLanguage\":\"en-US\",\"@id\":\"https:\\\/\\\/psikeistanbul.org\\\/#\\\/schema\\\/logo\\\/image\\\/\",\"url\":\"https:\\\/\\\/psikeistanbul.org\\\/wp-content\\\/uploads\\\/2024\\\/05\\\/Psike-logo-tr-1.jpg\",\"contentUrl\":\"https:\\\/\\\/psikeistanbul.org\\\/wp-content\\\/uploads\\\/2024\\\/05\\\/Psike-logo-tr-1.jpg\",\"width\":528,\"height\":448,\"caption\":\"Psike \u0130stanbul\"},\"image\":{\"@id\":\"https:\\\/\\\/psikeistanbul.org\\\/#\\\/schema\\\/logo\\\/image\\\/\"}}]}<\/script>\n<!-- \/ Yoast SEO plugin. -->","yoast_head_json":{"title":"Members of The Ethics Committee - Psike \u0130stanbul","robots":{"index":"index","follow":"follow","max-snippet":"max-snippet:-1","max-image-preview":"max-image-preview:large","max-video-preview":"max-video-preview:-1"},"canonical":"https:\/\/psikeistanbul.org\/en\/members-of-the-ethics-committee\/","og_locale":"en_US","og_type":"article","og_title":"Members of The Ethics Committee - Psike \u0130stanbul","og_description":"Bella Habip T\u00fcrkay Demir \u00d6zay \u00d6zdemir Nuray T\u00fcrksoy Semra Yal\u00e7\u0131nkaya Eposta: etikkurul2023@psikeistanbul.org","og_url":"https:\/\/psikeistanbul.org\/en\/members-of-the-ethics-committee\/","og_site_name":"Psike \u0130stanbul","article_modified_time":"2023-03-09T07:26:32+00:00","twitter_card":"summary_large_image","schema":{"@context":"https:\/\/schema.org","@graph":[{"@type":"WebPage","@id":"https:\/\/psikeistanbul.org\/en\/members-of-the-ethics-committee\/","url":"https:\/\/psikeistanbul.org\/en\/members-of-the-ethics-committee\/","name":"Members of The Ethics Committee - Psike \u0130stanbul","isPartOf":{"@id":"https:\/\/psikeistanbul.org\/#website"},"datePublished":"2022-12-27T11:50:43+00:00","dateModified":"2023-03-09T07:26:32+00:00","breadcrumb":{"@id":"https:\/\/psikeistanbul.org\/en\/members-of-the-ethics-committee\/#breadcrumb"},"inLanguage":"en-US","potentialAction":[{"@type":"ReadAction","target":["https:\/\/psikeistanbul.org\/en\/members-of-the-ethics-committee\/"]}]},{"@type":"BreadcrumbList","@id":"https:\/\/psikeistanbul.org\/en\/members-of-the-ethics-committee\/#breadcrumb","itemListElement":[{"@type":"ListItem","position":1,"name":"Anasayfa","item":"https:\/\/psikeistanbul.org\/en\/"},{"@type":"ListItem","position":2,"name":"Members of The Ethics Committee"}]},{"@type":"WebSite","@id":"https:\/\/psikeistanbul.org\/#website","url":"https:\/\/psikeistanbul.org\/","name":"Psike \u0130stanbul","description":"\u0130stanbul Psikanaliz E\u011fitim, Ara\u015ft\u0131rma ve Geli\u015ftirme Derne\u011fi","publisher":{"@id":"https:\/\/psikeistanbul.org\/#organization"},"potentialAction":[{"@type":"SearchAction","target":{"@type":"EntryPoint","urlTemplate":"https:\/\/psikeistanbul.org\/?s={search_term_string}"},"query-input":{"@type":"PropertyValueSpecification","valueRequired":true,"valueName":"search_term_string"}}],"inLanguage":"en-US"},{"@type":"Organization","@id":"https:\/\/psikeistanbul.org\/#organization","name":"Psike \u0130stanbul","url":"https:\/\/psikeistanbul.org\/","logo":{"@type":"ImageObject","inLanguage":"en-US","@id":"https:\/\/psikeistanbul.org\/#\/schema\/logo\/image\/","url":"https:\/\/psikeistanbul.org\/wp-content\/uploads\/2024\/05\/Psike-logo-tr-1.jpg","contentUrl":"https:\/\/psikeistanbul.org\/wp-content\/uploads\/2024\/05\/Psike-logo-tr-1.jpg","width":528,"height":448,"caption":"Psike \u0130stanbul"},"image":{"@id":"https:\/\/psikeistanbul.org\/#\/schema\/logo\/image\/"}}]}},"_links":{"self":[{"href":"https:\/\/psikeistanbul.org\/en\/wp-json\/wp\/v2\/pages\/100006346","targetHints":{"allow":["GET"]}}],"collection":[{"href":"https:\/\/psikeistanbul.org\/en\/wp-json\/wp\/v2\/pages"}],"about":[{"href":"https:\/\/psikeistanbul.org\/en\/wp-json\/wp\/v2\/types\/page"}],"author":[{"embeddable":true,"href":"https:\/\/psikeistanbul.org\/en\/wp-json\/wp\/v2\/users\/1"}],"replies":[{"embeddable":true,"href":"https:\/\/psikeistanbul.org\/en\/wp-json\/wp\/v2\/comments?post=100006346"}],"version-history":[{"count":0,"href":"https:\/\/psikeistanbul.org\/en\/wp-json\/wp\/v2\/pages\/100006346\/revisions"}],"wp:attachment":[{"href":"https:\/\/psikeistanbul.org\/en\/wp-json\/wp\/v2\/media?parent=100006346"}],"curies":[{"name":"wp","href":"https:\/\/api.w.org\/{rel}","templated":true}]}}