{"id":100006336,"date":"2022-12-27T15:01:20","date_gmt":"2022-12-27T12:01:20","guid":{"rendered":"https:\/\/psike.nevsite.com\/etik\/"},"modified":"2023-01-12T11:51:58","modified_gmt":"2023-01-12T08:51:58","slug":"ethics","status":"publish","type":"page","link":"https:\/\/psikeistanbul.org\/en\/ethics\/","title":{"rendered":"Ethics"},"content":{"rendered":"<p>[vc_row][vc_column width=&rdquo;1\/2&Prime;][vc_cta h2=&rdquo;PSIKE ISTANBUL ETHICS CODE&rdquo; txt_align=&rdquo;center&rdquo; style=&rdquo;3d&rdquo; color=&rdquo;violet&rdquo; add_button=&rdquo;bottom&rdquo; btn_title=&rdquo;Please click&rdquo; btn_align=&rdquo;center&rdquo; btn_link=&rdquo;url:%2Fen%2Fpsike-istanbul-ethics-code%2F|title:Psike%20Istanbul%20Ethics%20Code&rdquo;][\/vc_cta][\/vc_column][vc_column width=&rdquo;1\/2&Prime;][vc_cta h2=&rdquo;IPA ETHICAL PRINCIPLES&rdquo; txt_align=&rdquo;center&rdquo; style=&rdquo;3d&rdquo; color=&rdquo;turquoise&rdquo; add_button=&rdquo;bottom&rdquo; btn_title=&rdquo;Please click&rdquo; btn_align=&rdquo;center&rdquo; btn_link=&rdquo;url:%2Fen%2Fipa-ethical-principles%2F|title:IPA%20Ethical%20Principles&rdquo; btn_bb_tab_<span class=\"glossaryLink cmtt_&#304;ngilizce - T&uuml;rk&ccedil;e\"  aria-describedby=\"tt\"  data-cmtooltip=\"cmtt_7c41d776ceb6897c2765f23b6c20e797\"  data-mobile-support=\"0\"  data-gt-translate-attributes='[{\"attribute\":\"data-cmtooltip\", \"format\":\"html\"}]' tabindex='0' role='link'>container<\/span>=&rdquo;&rdquo; bb_tab_<span class=\"glossaryLink cmtt_&#304;ngilizce - T&uuml;rk&ccedil;e\"  aria-describedby=\"tt\"  data-cmtooltip=\"cmtt_7c41d776ceb6897c2765f23b6c20e797\"  data-mobile-support=\"0\"  data-gt-translate-attributes='[{\"attribute\":\"data-cmtooltip\", \"format\":\"html\"}]' tabindex='0' role='link'>container<\/span>=&rdquo;&rdquo;][\/vc_cta][\/vc_column][\/vc_row][vc_row][vc_column width=&rdquo;1\/2&Prime;][vc_cta h2=&rdquo;MEMBERS OF THE ETHICS COMMITTEE&rdquo; txt_align=&rdquo;center&rdquo; style=&rdquo;3d&rdquo; color=&rdquo;juicy-pink&rdquo; add_button=&rdquo;bottom&rdquo; btn_title=&rdquo;Please click&rdquo; btn_align=&rdquo;center&rdquo; btn_link=&rdquo;url:%2Fen%2Fmembers-of-the-ethics-committee%2F|title:Members%20of%20The%20Ethics%20Committee&rdquo; btn_bb_tab_<span class=\"glossaryLink cmtt_&#304;ngilizce - T&uuml;rk&ccedil;e\"  aria-describedby=\"tt\"  data-cmtooltip=\"cmtt_7c41d776ceb6897c2765f23b6c20e797\"  data-mobile-support=\"0\"  data-gt-translate-attributes='[{\"attribute\":\"data-cmtooltip\", \"format\":\"html\"}]' tabindex='0' role='link'>container<\/span>=&rdquo;&rdquo; bb_tab_<span class=\"glossaryLink cmtt_&#304;ngilizce - T&uuml;rk&ccedil;e\"  aria-describedby=\"tt\"  data-cmtooltip=\"cmtt_7c41d776ceb6897c2765f23b6c20e797\"  data-mobile-support=\"0\"  data-gt-translate-attributes='[{\"attribute\":\"data-cmtooltip\", \"format\":\"html\"}]' tabindex='0' role='link'>container<\/span>=&rdquo;&rdquo;][\/vc_cta][\/vc_column][vc_column width=&rdquo;1\/2&Prime;][vc_cta h2=&rdquo;PSIKE ISTANBUL ETHICS COMMITTEE &ndash; <span class=\"glossaryLink cmtt_&#304;ngilizce - T&uuml;rk&ccedil;e\"  aria-describedby=\"tt\"  data-cmtooltip=\"cmtt_55546dbea3ac1cac520898e1bba7ec70\"  data-mobile-support=\"0\"  data-gt-translate-attributes='[{\"attribute\":\"data-cmtooltip\", \"format\":\"html\"}]' tabindex='0' role='link'>COMMUNICATION<\/span>&rdquo; txt_align=&rdquo;center&rdquo; style=&rdquo;3d&rdquo; color=&rdquo;sandy-brown&rdquo; add_button=&rdquo;bottom&rdquo; btn_title=&rdquo;Please click&rdquo; btn_align=&rdquo;center&rdquo; btn_link=&rdquo;url:%2Fen%2Fpsike-istanbul-ethics-committee-communication%2F|title:PSIKE%20ISTANBUL%20ETHICS%20COMMITTEE%20%E2%80%93%20COMMUNICATION&rdquo; btn_bb_tab_<span class=\"glossaryLink cmtt_&#304;ngilizce - T&uuml;rk&ccedil;e\"  aria-describedby=\"tt\"  data-cmtooltip=\"cmtt_7c41d776ceb6897c2765f23b6c20e797\"  data-mobile-support=\"0\"  data-gt-translate-attributes='[{\"attribute\":\"data-cmtooltip\", \"format\":\"html\"}]' tabindex='0' role='link'>container<\/span>=&rdquo;&rdquo; bb_tab_<span class=\"glossaryLink cmtt_&#304;ngilizce - T&uuml;rk&ccedil;e\"  aria-describedby=\"tt\"  data-cmtooltip=\"cmtt_7c41d776ceb6897c2765f23b6c20e797\"  data-mobile-support=\"0\"  data-gt-translate-attributes='[{\"attribute\":\"data-cmtooltip\", \"format\":\"html\"}]' tabindex='0' role='link'>container<\/span>=&rdquo;&rdquo;][\/vc_cta][\/vc_column][\/vc_row]\n<\/p>","protected":false},"excerpt":{"rendered":"<p>[vc_row][vc_column width=&#8221;1\/2&#8243;][vc_cta h2=&#8221;PSIKE ISTANBUL ETHICS CODE&#8221; txt_align=&#8221;center&#8221; style=&#8221;3d&#8221; color=&#8221;violet&#8221; add_button=&#8221;bottom&#8221; btn_title=&#8221;Please click&#8221; btn_align=&#8221;center&#8221; btn_link=&#8221;url:%2Fen%2Fpsike-istanbul-ethics-code%2F|title:Psike%20Istanbul%20Ethics%20Code&#8221;][\/vc_cta][\/vc_column][vc_column width=&#8221;1\/2&#8243;][vc_cta h2=&#8221;IPA ETHICAL PRINCIPLES&#8221; txt_align=&#8221;center&#8221; style=&#8221;3d&#8221; color=&#8221;turquoise&#8221; add_button=&#8221;bottom&#8221; btn_title=&#8221;Please click&#8221; btn_align=&#8221;center&#8221; btn_link=&#8221;url:%2Fen%2Fipa-ethical-principles%2F|title:IPA%20Ethical%20Principles&#8221; btn_bb_tab_container=&#8221;&#8221; bb_tab_container=&#8221;&#8221;][\/vc_cta][\/vc_column][\/vc_row][vc_row][vc_column width=&#8221;1\/2&#8243;][vc_cta h2=&#8221;MEMBERS<\/p>\n","protected":false},"author":1,"featured_media":0,"parent":0,"menu_order":0,"comment_status":"closed","ping_status":"closed","template":"","meta":{"footnotes":""},"class_list":["post-100006336","page","type-page","status-publish","hentry"],"yoast_head":"<!-- This site is optimized with the Yoast SEO plugin v27.3 - https:\/\/yoast.com\/product\/yoast-seo-wordpress\/ -->\n<title>Ethics - Psike \u0130stanbul<\/title>\n<meta name=\"robots\" content=\"index, follow, max-snippet:-1, max-image-preview:large, max-video-preview:-1\" \/>\n<link rel=\"canonical\" href=\"https:\/\/psikeistanbul.org\/etik\/\" \/>\n<meta property=\"og:locale\" content=\"en_US\" \/>\n<meta property=\"og:type\" content=\"article\" \/>\n<meta property=\"og:title\" content=\"Ethics - Psike \u0130stanbul\" \/>\n<meta property=\"og:description\" content=\"[vc_row][vc_column width=&#8221;1\/2&#8243;][vc_cta h2=&#8221;PSIKE ISTANBUL ETHICS CODE&#8221; txt_align=&#8221;center&#8221; style=&#8221;3d&#8221; color=&#8221;violet&#8221; add_button=&#8221;bottom&#8221; btn_title=&#8221;Please click&#8221; btn_align=&#8221;center&#8221; btn_link=&#8221;url:%2Fen%2Fpsike-istanbul-ethics-code%2F|title:Psike%20Istanbul%20Ethics%20Code&#8221;][\/vc_cta][\/vc_column][vc_column width=&#8221;1\/2&#8243;][vc_cta h2=&#8221;IPA ETHICAL PRINCIPLES&#8221; txt_align=&#8221;center&#8221; style=&#8221;3d&#8221; color=&#8221;turquoise&#8221; add_button=&#8221;bottom&#8221; btn_title=&#8221;Please click&#8221; btn_align=&#8221;center&#8221; btn_link=&#8221;url:%2Fen%2Fipa-ethical-principles%2F|title:IPA%20Ethical%20Principles&#8221; btn_bb_tab_container=&#8221;&#8221; bb_tab_container=&#8221;&#8221;][\/vc_cta][\/vc_column][\/vc_row][vc_row][vc_column width=&#8221;1\/2&#8243;][vc_cta h2=&#8221;MEMBERS\" \/>\n<meta property=\"og:url\" content=\"https:\/\/psikeistanbul.org\/etik\/\" \/>\n<meta property=\"og:site_name\" content=\"Psike \u0130stanbul\" \/>\n<meta property=\"article:modified_time\" content=\"2023-01-12T08:51:58+00:00\" \/>\n<meta name=\"twitter:card\" content=\"summary_large_image\" \/>\n<meta name=\"twitter:label1\" content=\"Est. reading time\" \/>\n\t<meta name=\"twitter:data1\" content=\"1 minute\" \/>\n<script type=\"application\/ld+json\" class=\"yoast-schema-graph\">{\"@context\":\"https:\\\/\\\/schema.org\",\"@graph\":[{\"@type\":\"WebPage\",\"@id\":\"https:\\\/\\\/psikeistanbul.org\\\/etik\\\/\",\"url\":\"https:\\\/\\\/psikeistanbul.org\\\/etik\\\/\",\"name\":\"Ethics - Psike \u0130stanbul\",\"isPartOf\":{\"@id\":\"https:\\\/\\\/psikeistanbul.org\\\/#website\"},\"datePublished\":\"2022-12-27T12:01:20+00:00\",\"dateModified\":\"2023-01-12T08:51:58+00:00\",\"breadcrumb\":{\"@id\":\"https:\\\/\\\/psikeistanbul.org\\\/etik\\\/#breadcrumb\"},\"inLanguage\":\"en-US\",\"potentialAction\":[{\"@type\":\"ReadAction\",\"target\":[\"https:\\\/\\\/psikeistanbul.org\\\/etik\\\/\"]}]},{\"@type\":\"BreadcrumbList\",\"@id\":\"https:\\\/\\\/psikeistanbul.org\\\/etik\\\/#breadcrumb\",\"itemListElement\":[{\"@type\":\"ListItem\",\"position\":1,\"name\":\"Anasayfa\",\"item\":\"https:\\\/\\\/psikeistanbul.org\\\/en\\\/\"},{\"@type\":\"ListItem\",\"position\":2,\"name\":\"Ethics\"}]},{\"@type\":\"WebSite\",\"@id\":\"https:\\\/\\\/psikeistanbul.org\\\/#website\",\"url\":\"https:\\\/\\\/psikeistanbul.org\\\/\",\"name\":\"Psike \u0130stanbul\",\"description\":\"\u0130stanbul Psikanaliz E\u011fitim, Ara\u015ft\u0131rma ve Geli\u015ftirme Derne\u011fi\",\"publisher\":{\"@id\":\"https:\\\/\\\/psikeistanbul.org\\\/#organization\"},\"potentialAction\":[{\"@type\":\"SearchAction\",\"target\":{\"@type\":\"EntryPoint\",\"urlTemplate\":\"https:\\\/\\\/psikeistanbul.org\\\/?s={search_term_string}\"},\"query-input\":{\"@type\":\"PropertyValueSpecification\",\"valueRequired\":true,\"valueName\":\"search_term_string\"}}],\"inLanguage\":\"en-US\"},{\"@type\":\"Organization\",\"@id\":\"https:\\\/\\\/psikeistanbul.org\\\/#organization\",\"name\":\"Psike \u0130stanbul\",\"url\":\"https:\\\/\\\/psikeistanbul.org\\\/\",\"logo\":{\"@type\":\"ImageObject\",\"inLanguage\":\"en-US\",\"@id\":\"https:\\\/\\\/psikeistanbul.org\\\/#\\\/schema\\\/logo\\\/image\\\/\",\"url\":\"https:\\\/\\\/psikeistanbul.org\\\/wp-content\\\/uploads\\\/2024\\\/05\\\/Psike-logo-tr-1.jpg\",\"contentUrl\":\"https:\\\/\\\/psikeistanbul.org\\\/wp-content\\\/uploads\\\/2024\\\/05\\\/Psike-logo-tr-1.jpg\",\"width\":528,\"height\":448,\"caption\":\"Psike \u0130stanbul\"},\"image\":{\"@id\":\"https:\\\/\\\/psikeistanbul.org\\\/#\\\/schema\\\/logo\\\/image\\\/\"}}]}<\/script>\n<!-- \/ Yoast SEO plugin. -->","yoast_head_json":{"title":"Ethics - Psike \u0130stanbul","robots":{"index":"index","follow":"follow","max-snippet":"max-snippet:-1","max-image-preview":"max-image-preview:large","max-video-preview":"max-video-preview:-1"},"canonical":"https:\/\/psikeistanbul.org\/etik\/","og_locale":"en_US","og_type":"article","og_title":"Ethics - Psike \u0130stanbul","og_description":"[vc_row][vc_column width=&#8221;1\/2&#8243;][vc_cta h2=&#8221;PSIKE ISTANBUL ETHICS CODE&#8221; txt_align=&#8221;center&#8221; style=&#8221;3d&#8221; color=&#8221;violet&#8221; add_button=&#8221;bottom&#8221; btn_title=&#8221;Please click&#8221; btn_align=&#8221;center&#8221; btn_link=&#8221;url:%2Fen%2Fpsike-istanbul-ethics-code%2F|title:Psike%20Istanbul%20Ethics%20Code&#8221;][\/vc_cta][\/vc_column][vc_column width=&#8221;1\/2&#8243;][vc_cta h2=&#8221;IPA ETHICAL PRINCIPLES&#8221; txt_align=&#8221;center&#8221; style=&#8221;3d&#8221; color=&#8221;turquoise&#8221; add_button=&#8221;bottom&#8221; btn_title=&#8221;Please click&#8221; btn_align=&#8221;center&#8221; btn_link=&#8221;url:%2Fen%2Fipa-ethical-principles%2F|title:IPA%20Ethical%20Principles&#8221; btn_bb_tab_container=&#8221;&#8221; bb_tab_container=&#8221;&#8221;][\/vc_cta][\/vc_column][\/vc_row][vc_row][vc_column width=&#8221;1\/2&#8243;][vc_cta h2=&#8221;MEMBERS","og_url":"https:\/\/psikeistanbul.org\/etik\/","og_site_name":"Psike \u0130stanbul","article_modified_time":"2023-01-12T08:51:58+00:00","twitter_card":"summary_large_image","twitter_misc":{"Est. reading time":"1 minute"},"schema":{"@context":"https:\/\/schema.org","@graph":[{"@type":"WebPage","@id":"https:\/\/psikeistanbul.org\/etik\/","url":"https:\/\/psikeistanbul.org\/etik\/","name":"Ethics - Psike \u0130stanbul","isPartOf":{"@id":"https:\/\/psikeistanbul.org\/#website"},"datePublished":"2022-12-27T12:01:20+00:00","dateModified":"2023-01-12T08:51:58+00:00","breadcrumb":{"@id":"https:\/\/psikeistanbul.org\/etik\/#breadcrumb"},"inLanguage":"en-US","potentialAction":[{"@type":"ReadAction","target":["https:\/\/psikeistanbul.org\/etik\/"]}]},{"@type":"BreadcrumbList","@id":"https:\/\/psikeistanbul.org\/etik\/#breadcrumb","itemListElement":[{"@type":"ListItem","position":1,"name":"Anasayfa","item":"https:\/\/psikeistanbul.org\/en\/"},{"@type":"ListItem","position":2,"name":"Ethics"}]},{"@type":"WebSite","@id":"https:\/\/psikeistanbul.org\/#website","url":"https:\/\/psikeistanbul.org\/","name":"Psike \u0130stanbul","description":"\u0130stanbul Psikanaliz E\u011fitim, Ara\u015ft\u0131rma ve Geli\u015ftirme Derne\u011fi","publisher":{"@id":"https:\/\/psikeistanbul.org\/#organization"},"potentialAction":[{"@type":"SearchAction","target":{"@type":"EntryPoint","urlTemplate":"https:\/\/psikeistanbul.org\/?s={search_term_string}"},"query-input":{"@type":"PropertyValueSpecification","valueRequired":true,"valueName":"search_term_string"}}],"inLanguage":"en-US"},{"@type":"Organization","@id":"https:\/\/psikeistanbul.org\/#organization","name":"Psike \u0130stanbul","url":"https:\/\/psikeistanbul.org\/","logo":{"@type":"ImageObject","inLanguage":"en-US","@id":"https:\/\/psikeistanbul.org\/#\/schema\/logo\/image\/","url":"https:\/\/psikeistanbul.org\/wp-content\/uploads\/2024\/05\/Psike-logo-tr-1.jpg","contentUrl":"https:\/\/psikeistanbul.org\/wp-content\/uploads\/2024\/05\/Psike-logo-tr-1.jpg","width":528,"height":448,"caption":"Psike \u0130stanbul"},"image":{"@id":"https:\/\/psikeistanbul.org\/#\/schema\/logo\/image\/"}}]}},"_links":{"self":[{"href":"https:\/\/psikeistanbul.org\/en\/wp-json\/wp\/v2\/pages\/100006336","targetHints":{"allow":["GET"]}}],"collection":[{"href":"https:\/\/psikeistanbul.org\/en\/wp-json\/wp\/v2\/pages"}],"about":[{"href":"https:\/\/psikeistanbul.org\/en\/wp-json\/wp\/v2\/types\/page"}],"author":[{"embeddable":true,"href":"https:\/\/psikeistanbul.org\/en\/wp-json\/wp\/v2\/users\/1"}],"replies":[{"embeddable":true,"href":"https:\/\/psikeistanbul.org\/en\/wp-json\/wp\/v2\/comments?post=100006336"}],"version-history":[{"count":0,"href":"https:\/\/psikeistanbul.org\/en\/wp-json\/wp\/v2\/pages\/100006336\/revisions"}],"wp:attachment":[{"href":"https:\/\/psikeistanbul.org\/en\/wp-json\/wp\/v2\/media?parent=100006336"}],"curies":[{"name":"wp","href":"https:\/\/api.w.org\/{rel}","templated":true}]}}